{"id":95,"date":"2025-04-28T17:40:40","date_gmt":"2025-04-28T15:40:40","guid":{"rendered":"https:\/\/www.st-egidien.de\/kinderwelt\/?page_id=95"},"modified":"2025-07-19T17:46:06","modified_gmt":"2025-07-19T15:46:06","slug":"home","status":"publish","type":"page","link":"https:\/\/www.st-egidien.de\/kinderwelt\/","title":{"rendered":"Home"},"content":{"rendered":"<div class=\"wpb-content-wrapper\"><p>[vc_row][vc_column][vc_column_text css_animation=&#8221;fadeInDown&#8221;]<\/p>\n<h3 style=\"text-align: center;\"><strong>Da werden Arme sein, die dich tragen und H\u00e4nde die dich f\u00fchren.<\/strong><\/h3>\n<h3 style=\"text-align: center;\"><strong>Da werden Menschen sein, die auf dich warten und dir zeigen, <\/strong><\/h3>\n<h3 style=\"text-align: center;\"><strong>dass du Willkommen bist.<\/strong><\/h3>\n<p style=\"text-align: right;\">\u00a0 \u00a0 \u00a0 \u00a0 \u00a0 \u00a0 \u00a0 \u00a0 \u00a0 \u00a0 \u00a0 \u00a0 \u00a0 \u00a0 \u00a0 \u00a0 \u00a0 \u00a0 \u00a0 \u00a0 \u00a0 \u00a0 \u00a0 \u00a0 \u00a0 \u00a0 \u00a0 \u00a0 \u00a0 \u00a0 \u00a0 \u00a0 \u00a0 \u00a0 \u00a0 \u00a0 \u00a0 \u00a0 \u00a0 \u00a0 \u00a0 \u00a0 \u00a0 \u00a0 \u00a0 \u00a0 \u00a0 \u00a0 \u00a0 \u00a0 \u00a0 \u00a0 \u00a0 \u00a0 \u00a0 \u00a0 \u00a0 \u00a0 \u00a0 Khalil Gibran<\/p>\n<p>&nbsp;<\/p>\n<p>[\/vc_column_text][vc_single_image image=&#8221;418&#8243; img_size=&#8221;full&#8221; css_animation=&#8221;fadeInDown&#8221;][\/vc_column][\/vc_row][vc_row][vc_column][vc_column_text]Willkommen in der Kinderwelt \u2013 einem Ort voller W\u00e4rme, Geborgenheit und Entfaltung.<br \/>\nHier im Herzen unseres Dorfes, umgeben von Wiesen, Feldern und W\u00e4ldern, erleben Kinder nicht nur beh\u00fctete Bildung, sondern auch das Leben in und mit der Natur.<\/p>\n<p>Unsere l\u00e4ndliche Umgebung ist ein Geschenk: Sie l\u00e4sst uns das Dorfleben ganz selbstverst\u00e4ndlich in den Alltag und das Lernen der Kinder einflie\u00dfen. Ob beim Besuch auf dem Bauernhof, beim Spaziergang durchs Dorf oder beim Ernten im Garten \u2013 das direkte Erleben und Mitmachen macht Bildung bei uns lebendig und nachhaltig.<\/p>\n<p>Derzeit begleiten wir 237 Kinder im Alter von 1 bis 10 Jahren \u2013 liebevoll, individuell und mit einem offenen Blick f\u00fcr jedes einzelne Kind. Mit unseren Erweiterungen werden wir schon bald 281 Kinder, darunter auch Kinder mit besonderem F\u00f6rderbedarf, betreuen k\u00f6nnen. Inklusion ist f\u00fcr uns gelebter Alltag: Alle Kinder geh\u00f6ren dazu, werden gesehen und d\u00fcrfen sich mit ihren St\u00e4rken und Bed\u00fcrfnissen entfalten.<\/p>\n<p>Unsere p\u00e4dagogische Arbeit ist situationsorientiert und lebensbezogen. Das bedeutet: Wir holen die Kinder dort ab, wo sie stehen, greifen ihre Themen auf und machen Alltagserfahrungen zu Lernchancen. Dabei stehen Beziehungen, Selbstwirksamkeit und Freude am Entdecken im Mittelpunkt.<\/p>\n<p>In der Kinderwelt schaffen wir R\u00e4ume f\u00fcr Entwicklung, Beziehung und echtes Miteinander \u2013 getragen von einem engagierten Team und der Kraft der Dorfgemeinschaft.<\/p>\n<p>Sch\u00f6n, dass Sie da sind.[\/vc_column_text][\/vc_column][\/vc_row]<\/p>\n<\/div>","protected":false},"excerpt":{"rendered":"<p>[vc_row][vc_column][vc_column_text css_animation=&#8221;fadeInDown&#8221;] Da werden Arme sein, die dich tragen und H\u00e4nde die dich f\u00fchren. Da werden Menschen sein, die auf dich warten und dir zeigen, dass du Willkommen bist. \u00a0 \u00a0 \u00a0 \u00a0 \u00a0 \u00a0 \u00a0 \u00a0 \u00a0 \u00a0 \u00a0 \u00a0 \u00a0 \u00a0 \u00a0 \u00a0 \u00a0 \u00a0 \u00a0 \u00a0 \u00a0 \u00a0 \u00a0 \u00a0 \u00a0 \u00a0&hellip;<\/p>\n","protected":false},"author":9,"featured_media":0,"parent":0,"menu_order":0,"comment_status":"closed","ping_status":"closed","template":"","meta":{"_acf_changed":false,"footnotes":""},"class_list":["post-95","page","type-page","status-publish","hentry","description-off"],"acf":[],"yoast_head":"<!-- This site is optimized with the Yoast SEO plugin v27.4 - https:\/\/yoast.com\/product\/yoast-seo-wordpress\/ -->\r\n<title>Home - &quot;Kinderwelt St.Egidien&quot;<\/title>\r\n<meta name=\"robots\" content=\"index, follow, max-snippet:-1, max-image-preview:large, max-video-preview:-1\" \/>\r\n<link rel=\"canonical\" href=\"https:\/\/www.st-egidien.de\/kinderwelt\/\" \/>\r\n<meta property=\"og:locale\" content=\"de_DE\" \/>\r\n<meta property=\"og:type\" content=\"article\" \/>\r\n<meta property=\"og:title\" content=\"Home - &quot;Kinderwelt St.Egidien&quot;\" \/>\r\n<meta property=\"og:description\" content=\"[vc_row][vc_column][vc_column_text css_animation=&#8221;fadeInDown&#8221;] Da werden Arme sein, die dich tragen und H\u00e4nde die dich f\u00fchren. Da werden Menschen sein, die auf dich warten und dir zeigen, dass du Willkommen bist. \u00a0 \u00a0 \u00a0 \u00a0 \u00a0 \u00a0 \u00a0 \u00a0 \u00a0 \u00a0 \u00a0 \u00a0 \u00a0 \u00a0 \u00a0 \u00a0 \u00a0 \u00a0 \u00a0 \u00a0 \u00a0 \u00a0 \u00a0 \u00a0 \u00a0 \u00a0&hellip;\" \/>\r\n<meta property=\"og:url\" content=\"https:\/\/www.st-egidien.de\/kinderwelt\/\" \/>\r\n<meta property=\"og:site_name\" content=\"&quot;Kinderwelt St.Egidien&quot;\" \/>\r\n<meta property=\"article:modified_time\" content=\"2025-07-19T15:46:06+00:00\" \/>\r\n<meta name=\"twitter:card\" content=\"summary_large_image\" \/>\r\n<meta name=\"twitter:label1\" content=\"Gesch\u00e4tzte Lesezeit\" \/>\n\t<meta name=\"twitter:data1\" content=\"2\u00a0Minuten\" \/>\r\n<script type=\"application\/ld+json\" class=\"yoast-schema-graph\">{\"@context\":\"https:\\\/\\\/schema.org\",\"@graph\":[{\"@type\":\"WebPage\",\"@id\":\"https:\\\/\\\/www.st-egidien.de\\\/kinderwelt\\\/\",\"url\":\"https:\\\/\\\/www.st-egidien.de\\\/kinderwelt\\\/\",\"name\":\"Home - &quot;Kinderwelt St.Egidien&quot;\",\"isPartOf\":{\"@id\":\"https:\\\/\\\/www.st-egidien.de\\\/kinderwelt\\\/#website\"},\"datePublished\":\"2025-04-28T15:40:40+00:00\",\"dateModified\":\"2025-07-19T15:46:06+00:00\",\"breadcrumb\":{\"@id\":\"https:\\\/\\\/www.st-egidien.de\\\/kinderwelt\\\/#breadcrumb\"},\"inLanguage\":\"de\",\"potentialAction\":[{\"@type\":\"ReadAction\",\"target\":[\"https:\\\/\\\/www.st-egidien.de\\\/kinderwelt\\\/\"]}]},{\"@type\":\"BreadcrumbList\",\"@id\":\"https:\\\/\\\/www.st-egidien.de\\\/kinderwelt\\\/#breadcrumb\",\"itemListElement\":[{\"@type\":\"ListItem\",\"position\":1,\"name\":\"Startseite\",\"item\":\"https:\\\/\\\/www.st-egidien.de\\\/kinderwelt\\\/\"},{\"@type\":\"ListItem\",\"position\":2,\"name\":\"Home\"}]},{\"@type\":\"WebSite\",\"@id\":\"https:\\\/\\\/www.st-egidien.de\\\/kinderwelt\\\/#website\",\"url\":\"https:\\\/\\\/www.st-egidien.de\\\/kinderwelt\\\/\",\"name\":\"&quot;Kinderwelt St.Egidien&quot;\",\"description\":\"Kindertageseinrichtung \",\"potentialAction\":[{\"@type\":\"SearchAction\",\"target\":{\"@type\":\"EntryPoint\",\"urlTemplate\":\"https:\\\/\\\/www.st-egidien.de\\\/kinderwelt\\\/?s={search_term_string}\"},\"query-input\":{\"@type\":\"PropertyValueSpecification\",\"valueRequired\":true,\"valueName\":\"search_term_string\"}}],\"inLanguage\":\"de\"}]}<\/script>\r\n<!-- \/ Yoast SEO plugin. -->","yoast_head_json":{"title":"Home - &quot;Kinderwelt St.Egidien&quot;","robots":{"index":"index","follow":"follow","max-snippet":"max-snippet:-1","max-image-preview":"max-image-preview:large","max-video-preview":"max-video-preview:-1"},"canonical":"https:\/\/www.st-egidien.de\/kinderwelt\/","og_locale":"de_DE","og_type":"article","og_title":"Home - &quot;Kinderwelt St.Egidien&quot;","og_description":"[vc_row][vc_column][vc_column_text css_animation=&#8221;fadeInDown&#8221;] Da werden Arme sein, die dich tragen und H\u00e4nde die dich f\u00fchren. Da werden Menschen sein, die auf dich warten und dir zeigen, dass du Willkommen bist. \u00a0 \u00a0 \u00a0 \u00a0 \u00a0 \u00a0 \u00a0 \u00a0 \u00a0 \u00a0 \u00a0 \u00a0 \u00a0 \u00a0 \u00a0 \u00a0 \u00a0 \u00a0 \u00a0 \u00a0 \u00a0 \u00a0 \u00a0 \u00a0 \u00a0 \u00a0&hellip;","og_url":"https:\/\/www.st-egidien.de\/kinderwelt\/","og_site_name":"&quot;Kinderwelt St.Egidien&quot;","article_modified_time":"2025-07-19T15:46:06+00:00","twitter_card":"summary_large_image","twitter_misc":{"Gesch\u00e4tzte Lesezeit":"2\u00a0Minuten"},"schema":{"@context":"https:\/\/schema.org","@graph":[{"@type":"WebPage","@id":"https:\/\/www.st-egidien.de\/kinderwelt\/","url":"https:\/\/www.st-egidien.de\/kinderwelt\/","name":"Home - &quot;Kinderwelt St.Egidien&quot;","isPartOf":{"@id":"https:\/\/www.st-egidien.de\/kinderwelt\/#website"},"datePublished":"2025-04-28T15:40:40+00:00","dateModified":"2025-07-19T15:46:06+00:00","breadcrumb":{"@id":"https:\/\/www.st-egidien.de\/kinderwelt\/#breadcrumb"},"inLanguage":"de","potentialAction":[{"@type":"ReadAction","target":["https:\/\/www.st-egidien.de\/kinderwelt\/"]}]},{"@type":"BreadcrumbList","@id":"https:\/\/www.st-egidien.de\/kinderwelt\/#breadcrumb","itemListElement":[{"@type":"ListItem","position":1,"name":"Startseite","item":"https:\/\/www.st-egidien.de\/kinderwelt\/"},{"@type":"ListItem","position":2,"name":"Home"}]},{"@type":"WebSite","@id":"https:\/\/www.st-egidien.de\/kinderwelt\/#website","url":"https:\/\/www.st-egidien.de\/kinderwelt\/","name":"&quot;Kinderwelt St.Egidien&quot;","description":"Kindertageseinrichtung ","potentialAction":[{"@type":"SearchAction","target":{"@type":"EntryPoint","urlTemplate":"https:\/\/www.st-egidien.de\/kinderwelt\/?s={search_term_string}"},"query-input":{"@type":"PropertyValueSpecification","valueRequired":true,"valueName":"search_term_string"}}],"inLanguage":"de"}]}},"_links":{"self":[{"href":"https:\/\/www.st-egidien.de\/kinderwelt\/wp-json\/wp\/v2\/pages\/95","targetHints":{"allow":["GET"]}}],"collection":[{"href":"https:\/\/www.st-egidien.de\/kinderwelt\/wp-json\/wp\/v2\/pages"}],"about":[{"href":"https:\/\/www.st-egidien.de\/kinderwelt\/wp-json\/wp\/v2\/types\/page"}],"author":[{"embeddable":true,"href":"https:\/\/www.st-egidien.de\/kinderwelt\/wp-json\/wp\/v2\/users\/9"}],"replies":[{"embeddable":true,"href":"https:\/\/www.st-egidien.de\/kinderwelt\/wp-json\/wp\/v2\/comments?post=95"}],"version-history":[{"count":11,"href":"https:\/\/www.st-egidien.de\/kinderwelt\/wp-json\/wp\/v2\/pages\/95\/revisions"}],"predecessor-version":[{"id":112,"href":"https:\/\/www.st-egidien.de\/kinderwelt\/wp-json\/wp\/v2\/pages\/95\/revisions\/112"}],"wp:attachment":[{"href":"https:\/\/www.st-egidien.de\/kinderwelt\/wp-json\/wp\/v2\/media?parent=95"}],"curies":[{"name":"wp","href":"https:\/\/api.w.org\/{rel}","templated":true}]}}