{"id":275,"date":"2025-07-02T18:21:14","date_gmt":"2025-07-02T16:21:14","guid":{"rendered":"https:\/\/www.st-egidien.de\/kinderwelt\/?page_id=275"},"modified":"2026-01-13T14:11:54","modified_gmt":"2026-01-13T13:11:54","slug":"vorschulkonzept-piratenreise","status":"publish","type":"page","link":"https:\/\/www.st-egidien.de\/kinderwelt\/vorschulkonzept-piratenreise\/","title":{"rendered":"Vorschulkonzept &#8220;Piratenreise&#8221;"},"content":{"rendered":"<div class=\"wpb-content-wrapper\"><p>[vc_row][vc_column][vc_column_text]<\/p>\r\n<h4>VORSCHULE am TISCH? &#8211; NEIN DANKE! Die Kinderwelt macht bewegte Vorschule und setzt die Segel!<\/h4>\r\n<p>Sie werden sich sicherlich fragen, wie wird mein Kind in der Einrichtung \u201eKinderwelt\u201c auf die Schule vorbereitet? Nach welchem Konzept arbeiten wir? Was macht unsere Arbeit besonders? Warum sollten Sie sich f\u00fcr unsere Einrichtung entscheiden?<\/p>\r\n<p><a class=\"dt-pswp-item\" href=\"http:\/\/www.st-egidien.de\/kinderwelt\/wp-content\/uploads\/sites\/2\/2025\/07\/VS4.jpg\" data-dt-img-description=\"\" data-large_image_width=\"589\" data-large_image_height=\"442\"><img loading=\"lazy\" decoding=\"async\" class=\" wp-image-296 alignleft\" src=\"http:\/\/www.st-egidien.de\/kinderwelt\/wp-content\/uploads\/sites\/2\/2025\/07\/VS4-300x225.jpg\" alt=\"\" width=\"369\" height=\"277\" srcset=\"https:\/\/www.st-egidien.de\/kinderwelt\/wp-content\/uploads\/sites\/2\/2025\/07\/VS4-300x225.jpg 300w, https:\/\/www.st-egidien.de\/kinderwelt\/wp-content\/uploads\/sites\/2\/2025\/07\/VS4.jpg 589w\" sizes=\"auto, (max-width: 369px) 100vw, 369px\" \/><\/a>Ganz einfach: bei uns werden ihre Kinder vom ersten Tag an auf die Schule und das Leben vorbereitet, ganz im Sinne von Johann Wolfgang Goethe, der sagte: \u201e Wer das erste Knopfloch verfehlt, kommt mit dem Zukn\u00f6pfen nicht zurecht.\u201c Wir sind \u00fcberzeugt davon, dass nicht das letzte Jahr f\u00fcr die Kinder entscheidend ist, sondern die gesamte Kindergartenzeit. Aus diesem Grund legen wir von Anfang an Wert auf eine individuelle, ganzheitliche und vor allem bewegungsfreudige Entwicklung, die spielerisch mit viel Spa\u00df und Freude Basisf\u00e4higkeiten Grundbausteine setzt. Diese sind wichtig, um auf alle weiteren Lernprozesse aufbauen zu k\u00f6nnen.<\/p>\r\n<p>Jedoch sehen wir das Jahr vor der Einschulung als eine au\u00dfergew\u00f6hnliche Zeit, in der die Kinder gro\u00dfe Entwicklungsfortschritte machen und einen steigenden Wissensdrang entwickeln. Wir haben es uns deshalb zur Aufgabe gemacht, dem letzten Kitajahr dennoch einen besonderen Status zu verleihen und den Kindern eine altersgem\u00e4\u00dfe, intensivere Zeit zukommen zu lassen.<\/p>\r\n<p><a class=\"dt-pswp-item\" href=\"http:\/\/www.st-egidien.de\/kinderwelt\/wp-content\/uploads\/sites\/2\/2025\/07\/VS3.jpg\" data-dt-img-description=\"\" data-large_image_width=\"647\" data-large_image_height=\"486\"><img loading=\"lazy\" decoding=\"async\" class=\"size-medium wp-image-299 alignright\" src=\"http:\/\/www.st-egidien.de\/kinderwelt\/wp-content\/uploads\/sites\/2\/2025\/07\/VS3-300x225.jpg\" alt=\"\" width=\"300\" height=\"225\" srcset=\"https:\/\/www.st-egidien.de\/kinderwelt\/wp-content\/uploads\/sites\/2\/2025\/07\/VS3-300x225.jpg 300w, https:\/\/www.st-egidien.de\/kinderwelt\/wp-content\/uploads\/sites\/2\/2025\/07\/VS3.jpg 647w\" sizes=\"auto, (max-width: 300px) 100vw, 300px\" \/><\/a><\/p>\r\n<p>Unser Ziel ist es, die bis dahin bereits erworbenen Kenntnisse und F\u00e4higkeiten zu wiederholen, zu vertiefen, zu festigen bzw. teilweise zu erweitern. T\u00e4gliche Bearbeitung von Arbeitsbl\u00e4ttern werden wir weitgehend vermeiden. \u00a0Wir m\u00f6chten ein Vorschulprogramm mit viel Bewegung, denn Kinder lernen am besten mit allen Sinnen, die durch Bewegung angeregt wird. Zudem soll der sozial-emotionalen Bereich, das eigenverantwortliche, selbstbewusste und selbst\u00e4ndig Handeln und das Finden eigener L\u00f6sungsstrategien gef\u00f6rdert werden. Daf\u00fcr haben wir ein Vorschulkonzept entwickelt, welches zwei F\u00f6rderprogramme, die<strong> \u201ePiratenreise\u201c<\/strong> und das \u201e<strong>W\u00fcrzburger Trainingsprogramm\u201c<\/strong> beinhalten, die wir in unserer Einrichtung seit drei Jahren erfolgreich zum Einsatz bringen. Ein Konzept, welches bei den Kindern, Eltern und Erzieher\/innen gleicherma\u00dfen gro\u00dfe Freude und Begeisterung entfachen l\u00e4sst.<\/p>\r\n<p>&nbsp;<\/p>\r\n<p><strong><a class=\"dt-pswp-item\" href=\"http:\/\/www.st-egidien.de\/kinderwelt\/wp-content\/uploads\/sites\/2\/2025\/07\/VS-1.jpg\" data-dt-img-description=\"\" data-large_image_width=\"779\" data-large_image_height=\"350\"><img loading=\"lazy\" decoding=\"async\" class=\"size-medium wp-image-298 alignleft\" src=\"http:\/\/www.st-egidien.de\/kinderwelt\/wp-content\/uploads\/sites\/2\/2025\/07\/VS-1-300x135.jpg\" alt=\"\" width=\"300\" height=\"135\" srcset=\"https:\/\/www.st-egidien.de\/kinderwelt\/wp-content\/uploads\/sites\/2\/2025\/07\/VS-1-300x135.jpg 300w, https:\/\/www.st-egidien.de\/kinderwelt\/wp-content\/uploads\/sites\/2\/2025\/07\/VS-1-768x345.jpg 768w, https:\/\/www.st-egidien.de\/kinderwelt\/wp-content\/uploads\/sites\/2\/2025\/07\/VS-1.jpg 779w\" sizes=\"auto, (max-width: 300px) 100vw, 300px\" \/><\/a>Piratenreise- Segel setzen, Leinen los!<\/strong><\/p>\r\n<p>Die Rahmenhandlung einer gro\u00dfen\u00a0Piraten-Abenteuerreise\u00a0erm\u00f6glicht es den Kindern tief einzutauchen in eine spannende Spiel- und Phantasiewelt. Gruppenerlebnisse, die eigenverantwortliches Lernen, kreatives und l\u00f6sungsorientiertes Denken und ein soziales Miteinander ins Zentrum stellen. Einmal pro Woche werden wir zu Piraten, setzen die Segel, gehen auf Abenteuerreise zu insgesamt acht \u201eInseln\u201c die verschiedenen Entwicklungsthemen (K\u00f6rper, Sinne, Farben und Formen, Rhythmus und Muster, Reime und Sprachspielereien, Erz\u00e4hlen und Ordnen, Experimentieren und Forschen, Bauen und Gestalten) widerspiegeln. Zu Beginn jeder Piratenstunde gibt es eine bunte Schatzkarte, die einen \u00dcberblick \u00fcber die bevorstehenden Abenteuer zeigt und am Ende jeder Insel zu einem Schatz f\u00fchrt. Im Rahmen der Spiele und R\u00e4tselaufgaben, die sie auf den Inseln bew\u00e4ltigen d\u00fcrfen, erweitern und \u00fcben die Kinder unbewusst mit allen Sinnen und in Bewegung grundlegende Kompetenzen.<\/p>\r\n<p>&nbsp;<\/p>\r\n<p><a class=\"dt-pswp-item\" href=\"http:\/\/www.st-egidien.de\/kinderwelt\/wp-content\/uploads\/sites\/2\/2025\/07\/VS5.jpg\" data-dt-img-description=\"\" data-large_image_width=\"633\" data-large_image_height=\"844\"><img loading=\"lazy\" decoding=\"async\" class=\"size-medium wp-image-297 alignright\" src=\"http:\/\/www.st-egidien.de\/kinderwelt\/wp-content\/uploads\/sites\/2\/2025\/07\/VS5-225x300.jpg\" alt=\"\" width=\"225\" height=\"300\" srcset=\"https:\/\/www.st-egidien.de\/kinderwelt\/wp-content\/uploads\/sites\/2\/2025\/07\/VS5-225x300.jpg 225w, https:\/\/www.st-egidien.de\/kinderwelt\/wp-content\/uploads\/sites\/2\/2025\/07\/VS5.jpg 633w\" sizes=\"auto, (max-width: 225px) 100vw, 225px\" \/><\/a><\/p>\r\n<h4>W\u00fcrzburger Trainingsprogramm und Kieler Lautgeb\u00e4rden<\/h4>\r\n<p>Schulisches Lernen ist sprachliches Lernen und die Lernerfolge eines Schulanf\u00e4ngers h\u00e4ngen davon ab, mit welchen lautsprachlichen Lernvoraussetzungen ein Sch\u00fcler seine Laufbahn beginnt. Aus diesem Grund starten wir zudem im zweiten Vorschulhalbjahr mit dem W\u00fcrzburger Trainingsprogramm zur phonologische Bewusstheit.<\/p>\r\n<p>Es besteht aus sechs verschiedenen Bereichen (Lauschspiele, Reime, S\u00e4tze und W\u00f6rter, Silben, Anlaute, Laute) mit\u00a0jeweils 7-15 verschiedenen Sprachspielen und \u00dcbungen die inhaltlich aufeinander aufbauen und das Ziel verfolgen, dem Kind einen Einblick in die Struktur der gesprochenen Sprache zu verschaffen. Sie werden in einem Zeitraum von 20 Wochen mit t\u00e4glichen 10-15 Min. durchgef\u00fchrt. Au\u00dferdem lernen die Kinder, \u00a0die sogenannten \u201eKieler Lautgeb\u00e4rden\u201c kennen, unsere Geheimsprache. Sie erm\u00f6glicht es den Kindern durch den Einsatz verschiedener Kan\u00e4le (Sehen, H\u00f6ren, Sprechen und Bewegung) die Laute, besser differenzieren zu k\u00f6nnen.<\/p>\r\n\r\n<p>&nbsp;<\/p>\r\n\r\n<p>&nbsp;<\/p>\r\n<p>[\/vc_column_text][\/vc_column][\/vc_row]<\/p><\/div>","protected":false},"excerpt":{"rendered":"<p>[vc_row][vc_column][vc_column_text] VORSCHULE am TISCH? &#8211; NEIN DANKE! Die Kinderwelt macht bewegte Vorschule und setzt die Segel! Sie werden sich sicherlich fragen, wie wird mein Kind in der Einrichtung \u201eKinderwelt\u201c auf die Schule vorbereitet? Nach welchem Konzept arbeiten wir? Was macht unsere Arbeit besonders? Warum sollten Sie sich f\u00fcr unsere Einrichtung entscheiden? Ganz einfach: bei uns&hellip;<\/p>\n","protected":false},"author":9,"featured_media":296,"parent":0,"menu_order":0,"comment_status":"closed","ping_status":"closed","template":"","meta":{"_acf_changed":false,"footnotes":""},"class_list":["post-275","page","type-page","status-publish","has-post-thumbnail","hentry","description-off"],"acf":[],"yoast_head":"<!-- This site is optimized with the Yoast SEO plugin v27.4 - https:\/\/yoast.com\/product\/yoast-seo-wordpress\/ -->\r\n<title>Vorschulkonzept &quot;Piratenreise&quot; - &quot;Kinderwelt St.Egidien&quot;<\/title>\r\n<meta name=\"robots\" content=\"index, follow, max-snippet:-1, max-image-preview:large, max-video-preview:-1\" \/>\r\n<link rel=\"canonical\" href=\"https:\/\/www.st-egidien.de\/kinderwelt\/vorschulkonzept-piratenreise\/\" \/>\r\n<meta property=\"og:locale\" content=\"de_DE\" \/>\r\n<meta property=\"og:type\" content=\"article\" \/>\r\n<meta property=\"og:title\" content=\"Vorschulkonzept &quot;Piratenreise&quot; - &quot;Kinderwelt St.Egidien&quot;\" \/>\r\n<meta property=\"og:description\" content=\"[vc_row][vc_column][vc_column_text] VORSCHULE am TISCH? &#8211; NEIN DANKE! Die Kinderwelt macht bewegte Vorschule und setzt die Segel! Sie werden sich sicherlich fragen, wie wird mein Kind in der Einrichtung \u201eKinderwelt\u201c auf die Schule vorbereitet? Nach welchem Konzept arbeiten wir? Was macht unsere Arbeit besonders? Warum sollten Sie sich f\u00fcr unsere Einrichtung entscheiden? Ganz einfach: bei uns&hellip;\" \/>\r\n<meta property=\"og:url\" content=\"https:\/\/www.st-egidien.de\/kinderwelt\/vorschulkonzept-piratenreise\/\" \/>\r\n<meta property=\"og:site_name\" content=\"&quot;Kinderwelt St.Egidien&quot;\" \/>\r\n<meta property=\"article:modified_time\" content=\"2026-01-13T13:11:54+00:00\" \/>\r\n<meta property=\"og:image\" content=\"http:\/\/www.st-egidien.de\/kinderwelt\/wp-content\/uploads\/sites\/2\/2025\/07\/VS4.jpg\" \/>\r\n\t<meta property=\"og:image:width\" content=\"589\" \/>\r\n\t<meta property=\"og:image:height\" content=\"442\" \/>\r\n\t<meta property=\"og:image:type\" content=\"image\/jpeg\" \/>\r\n<meta name=\"twitter:card\" content=\"summary_large_image\" \/>\r\n<meta name=\"twitter:label1\" content=\"Gesch\u00e4tzte Lesezeit\" \/>\n\t<meta name=\"twitter:data1\" content=\"5\u00a0Minuten\" \/>\r\n<script type=\"application\/ld+json\" class=\"yoast-schema-graph\">{\"@context\":\"https:\\\/\\\/schema.org\",\"@graph\":[{\"@type\":\"WebPage\",\"@id\":\"https:\\\/\\\/www.st-egidien.de\\\/kinderwelt\\\/vorschulkonzept-piratenreise\\\/\",\"url\":\"https:\\\/\\\/www.st-egidien.de\\\/kinderwelt\\\/vorschulkonzept-piratenreise\\\/\",\"name\":\"Vorschulkonzept \\\"Piratenreise\\\" - &quot;Kinderwelt St.Egidien&quot;\",\"isPartOf\":{\"@id\":\"https:\\\/\\\/www.st-egidien.de\\\/kinderwelt\\\/#website\"},\"primaryImageOfPage\":{\"@id\":\"https:\\\/\\\/www.st-egidien.de\\\/kinderwelt\\\/vorschulkonzept-piratenreise\\\/#primaryimage\"},\"image\":{\"@id\":\"https:\\\/\\\/www.st-egidien.de\\\/kinderwelt\\\/vorschulkonzept-piratenreise\\\/#primaryimage\"},\"thumbnailUrl\":\"https:\\\/\\\/www.st-egidien.de\\\/kinderwelt\\\/wp-content\\\/uploads\\\/sites\\\/2\\\/2025\\\/07\\\/VS4.jpg\",\"datePublished\":\"2025-07-02T16:21:14+00:00\",\"dateModified\":\"2026-01-13T13:11:54+00:00\",\"breadcrumb\":{\"@id\":\"https:\\\/\\\/www.st-egidien.de\\\/kinderwelt\\\/vorschulkonzept-piratenreise\\\/#breadcrumb\"},\"inLanguage\":\"de\",\"potentialAction\":[{\"@type\":\"ReadAction\",\"target\":[\"https:\\\/\\\/www.st-egidien.de\\\/kinderwelt\\\/vorschulkonzept-piratenreise\\\/\"]}]},{\"@type\":\"ImageObject\",\"inLanguage\":\"de\",\"@id\":\"https:\\\/\\\/www.st-egidien.de\\\/kinderwelt\\\/vorschulkonzept-piratenreise\\\/#primaryimage\",\"url\":\"https:\\\/\\\/www.st-egidien.de\\\/kinderwelt\\\/wp-content\\\/uploads\\\/sites\\\/2\\\/2025\\\/07\\\/VS4.jpg\",\"contentUrl\":\"https:\\\/\\\/www.st-egidien.de\\\/kinderwelt\\\/wp-content\\\/uploads\\\/sites\\\/2\\\/2025\\\/07\\\/VS4.jpg\",\"width\":589,\"height\":442},{\"@type\":\"BreadcrumbList\",\"@id\":\"https:\\\/\\\/www.st-egidien.de\\\/kinderwelt\\\/vorschulkonzept-piratenreise\\\/#breadcrumb\",\"itemListElement\":[{\"@type\":\"ListItem\",\"position\":1,\"name\":\"Startseite\",\"item\":\"https:\\\/\\\/www.st-egidien.de\\\/kinderwelt\\\/\"},{\"@type\":\"ListItem\",\"position\":2,\"name\":\"Vorschulkonzept &#8220;Piratenreise&#8221;\"}]},{\"@type\":\"WebSite\",\"@id\":\"https:\\\/\\\/www.st-egidien.de\\\/kinderwelt\\\/#website\",\"url\":\"https:\\\/\\\/www.st-egidien.de\\\/kinderwelt\\\/\",\"name\":\"&quot;Kinderwelt St.Egidien&quot;\",\"description\":\"Kindertageseinrichtung \",\"potentialAction\":[{\"@type\":\"SearchAction\",\"target\":{\"@type\":\"EntryPoint\",\"urlTemplate\":\"https:\\\/\\\/www.st-egidien.de\\\/kinderwelt\\\/?s={search_term_string}\"},\"query-input\":{\"@type\":\"PropertyValueSpecification\",\"valueRequired\":true,\"valueName\":\"search_term_string\"}}],\"inLanguage\":\"de\"}]}<\/script>\r\n<!-- \/ Yoast SEO plugin. -->","yoast_head_json":{"title":"Vorschulkonzept \"Piratenreise\" - &quot;Kinderwelt St.Egidien&quot;","robots":{"index":"index","follow":"follow","max-snippet":"max-snippet:-1","max-image-preview":"max-image-preview:large","max-video-preview":"max-video-preview:-1"},"canonical":"https:\/\/www.st-egidien.de\/kinderwelt\/vorschulkonzept-piratenreise\/","og_locale":"de_DE","og_type":"article","og_title":"Vorschulkonzept \"Piratenreise\" - &quot;Kinderwelt St.Egidien&quot;","og_description":"[vc_row][vc_column][vc_column_text] VORSCHULE am TISCH? &#8211; NEIN DANKE! Die Kinderwelt macht bewegte Vorschule und setzt die Segel! Sie werden sich sicherlich fragen, wie wird mein Kind in der Einrichtung \u201eKinderwelt\u201c auf die Schule vorbereitet? Nach welchem Konzept arbeiten wir? Was macht unsere Arbeit besonders? Warum sollten Sie sich f\u00fcr unsere Einrichtung entscheiden? Ganz einfach: bei uns&hellip;","og_url":"https:\/\/www.st-egidien.de\/kinderwelt\/vorschulkonzept-piratenreise\/","og_site_name":"&quot;Kinderwelt St.Egidien&quot;","article_modified_time":"2026-01-13T13:11:54+00:00","og_image":[{"width":589,"height":442,"url":"http:\/\/www.st-egidien.de\/kinderwelt\/wp-content\/uploads\/sites\/2\/2025\/07\/VS4.jpg","type":"image\/jpeg"}],"twitter_card":"summary_large_image","twitter_misc":{"Gesch\u00e4tzte Lesezeit":"5\u00a0Minuten"},"schema":{"@context":"https:\/\/schema.org","@graph":[{"@type":"WebPage","@id":"https:\/\/www.st-egidien.de\/kinderwelt\/vorschulkonzept-piratenreise\/","url":"https:\/\/www.st-egidien.de\/kinderwelt\/vorschulkonzept-piratenreise\/","name":"Vorschulkonzept \"Piratenreise\" - &quot;Kinderwelt St.Egidien&quot;","isPartOf":{"@id":"https:\/\/www.st-egidien.de\/kinderwelt\/#website"},"primaryImageOfPage":{"@id":"https:\/\/www.st-egidien.de\/kinderwelt\/vorschulkonzept-piratenreise\/#primaryimage"},"image":{"@id":"https:\/\/www.st-egidien.de\/kinderwelt\/vorschulkonzept-piratenreise\/#primaryimage"},"thumbnailUrl":"https:\/\/www.st-egidien.de\/kinderwelt\/wp-content\/uploads\/sites\/2\/2025\/07\/VS4.jpg","datePublished":"2025-07-02T16:21:14+00:00","dateModified":"2026-01-13T13:11:54+00:00","breadcrumb":{"@id":"https:\/\/www.st-egidien.de\/kinderwelt\/vorschulkonzept-piratenreise\/#breadcrumb"},"inLanguage":"de","potentialAction":[{"@type":"ReadAction","target":["https:\/\/www.st-egidien.de\/kinderwelt\/vorschulkonzept-piratenreise\/"]}]},{"@type":"ImageObject","inLanguage":"de","@id":"https:\/\/www.st-egidien.de\/kinderwelt\/vorschulkonzept-piratenreise\/#primaryimage","url":"https:\/\/www.st-egidien.de\/kinderwelt\/wp-content\/uploads\/sites\/2\/2025\/07\/VS4.jpg","contentUrl":"https:\/\/www.st-egidien.de\/kinderwelt\/wp-content\/uploads\/sites\/2\/2025\/07\/VS4.jpg","width":589,"height":442},{"@type":"BreadcrumbList","@id":"https:\/\/www.st-egidien.de\/kinderwelt\/vorschulkonzept-piratenreise\/#breadcrumb","itemListElement":[{"@type":"ListItem","position":1,"name":"Startseite","item":"https:\/\/www.st-egidien.de\/kinderwelt\/"},{"@type":"ListItem","position":2,"name":"Vorschulkonzept &#8220;Piratenreise&#8221;"}]},{"@type":"WebSite","@id":"https:\/\/www.st-egidien.de\/kinderwelt\/#website","url":"https:\/\/www.st-egidien.de\/kinderwelt\/","name":"&quot;Kinderwelt St.Egidien&quot;","description":"Kindertageseinrichtung ","potentialAction":[{"@type":"SearchAction","target":{"@type":"EntryPoint","urlTemplate":"https:\/\/www.st-egidien.de\/kinderwelt\/?s={search_term_string}"},"query-input":{"@type":"PropertyValueSpecification","valueRequired":true,"valueName":"search_term_string"}}],"inLanguage":"de"}]}},"_links":{"self":[{"href":"https:\/\/www.st-egidien.de\/kinderwelt\/wp-json\/wp\/v2\/pages\/275","targetHints":{"allow":["GET"]}}],"collection":[{"href":"https:\/\/www.st-egidien.de\/kinderwelt\/wp-json\/wp\/v2\/pages"}],"about":[{"href":"https:\/\/www.st-egidien.de\/kinderwelt\/wp-json\/wp\/v2\/types\/page"}],"author":[{"embeddable":true,"href":"https:\/\/www.st-egidien.de\/kinderwelt\/wp-json\/wp\/v2\/users\/9"}],"replies":[{"embeddable":true,"href":"https:\/\/www.st-egidien.de\/kinderwelt\/wp-json\/wp\/v2\/comments?post=275"}],"version-history":[{"count":13,"href":"https:\/\/www.st-egidien.de\/kinderwelt\/wp-json\/wp\/v2\/pages\/275\/revisions"}],"predecessor-version":[{"id":591,"href":"https:\/\/www.st-egidien.de\/kinderwelt\/wp-json\/wp\/v2\/pages\/275\/revisions\/591"}],"wp:featuredmedia":[{"embeddable":true,"href":"https:\/\/www.st-egidien.de\/kinderwelt\/wp-json\/wp\/v2\/media\/296"}],"wp:attachment":[{"href":"https:\/\/www.st-egidien.de\/kinderwelt\/wp-json\/wp\/v2\/media?parent=275"}],"curies":[{"name":"wp","href":"https:\/\/api.w.org\/{rel}","templated":true}]}}