{"id":213,"date":"2025-05-15T14:20:30","date_gmt":"2025-05-15T12:20:30","guid":{"rendered":"https:\/\/www.st-egidien.de\/kinderwelt\/?page_id=213"},"modified":"2026-01-15T07:26:06","modified_gmt":"2026-01-15T06:26:06","slug":"spielenachmittage","status":"publish","type":"page","link":"https:\/\/www.st-egidien.de\/kinderwelt\/spielenachmittage\/","title":{"rendered":"Spielenachmittage"},"content":{"rendered":"<div class=\"wpb-content-wrapper\"><p>[vc_row][vc_column][vc_column_text]<\/p>\n<h4>Herzliche Einladung zum Spielenachmittag in der Kinderwelt!<\/h4>\n<p>F\u00fcr interessierte Eltern und Kinder, die unsere Einrichtung bald besuchen oder uns einfach nur kennenlernen m\u00f6chten \u2013 ganz egal in welchem Alter ihr seid!<\/p>\n<p><em>Wann?<\/em>\u00a0 \u00a0 \u00a0 \u00a0 \u00a0 Jeden <strong>2. Dienstag im Monat\u00a0<\/strong><\/p>\n<p><em>Uhrzeit?<\/em>\u00a0 \u00a0 \u00a0 \u00a0 15:30 \u2013 16:30 Uhr<\/p>\n<p><em>Wo?<\/em>\u00a0 \u00a0 \u00a0 \u00a0 \u00a0 \u00a0 \u00a0 Abwechselnd in unseren beiden H\u00e4usern: Waldwichtel und Wiesenwichtel<\/p>\n<p><em>Was erwartet euch?<\/em><\/p>\n<p>&#8211;\u00a0 Zeit zum gemeinsamen Spielen<\/p>\n<p>&#8211;\u00a0 Unsere R\u00e4ume und das Au\u00dfengel\u00e4nde kennenlernen<\/p>\n<p>&#8211; Kontakte zu anderen Eltern und Kindern kn\u00fcpfen<\/p>\n<p>&#8211; Gelegenheit zum Austausch mit unserem Team<\/p>\n<p>&nbsp;<\/p>\n<p><strong>Wir bitten um Voranmeldung:<\/strong><\/p>\n<table style=\"width: 38.823%;border-collapse: collapse;height: 44px\">\n<tbody>\n<tr style=\"height: 22px\">\n<td style=\"width: 10.6153%;height: 22px\"><img loading=\"lazy\" decoding=\"async\" class=\"aligncenter\" src=\"http:\/\/www.st-egidien.de\/kinderwelt\/wp-content\/uploads\/sites\/2\/2025\/07\/phone.png\" width=\"25\" height=\"25\" \/><\/td>\n<td style=\"width: 80.825%;height: 22px\">037204 509423<\/td>\n<\/tr>\n<tr style=\"height: 22px\">\n<td style=\"width: 10.6153%;height: 22px\"><img loading=\"lazy\" decoding=\"async\" class=\"aligncenter\" src=\"http:\/\/www.st-egidien.de\/kinderwelt\/wp-content\/uploads\/sites\/2\/2025\/07\/email.png\" width=\"25\" height=\"25\" \/><\/td>\n<td style=\"width: 80.825%;height: 22px\"><a href=\"mailto:kinderwelt@st-egidien.de\">kinderwelt@st-egidien.de<\/a><\/td>\n<\/tr>\n<\/tbody>\n<\/table>\n<p>&nbsp;<\/p>\n<p>Wir freuen uns auf euch!<br \/>\nEuer Team der Kinderwelt[\/vc_column_text][\/vc_column][\/vc_row]<\/p>\n<\/div>","protected":false},"excerpt":{"rendered":"<p>[vc_row][vc_column][vc_column_text] Herzliche Einladung zum Spielenachmittag in der Kinderwelt! F\u00fcr interessierte Eltern und Kinder, die unsere Einrichtung bald besuchen oder uns einfach nur kennenlernen m\u00f6chten \u2013 ganz egal in welchem Alter ihr seid! Wann?\u00a0 \u00a0 \u00a0 \u00a0 \u00a0 Jeden 2. Dienstag im Monat\u00a0 Uhrzeit?\u00a0 \u00a0 \u00a0 \u00a0 15:30 \u2013 16:30 Uhr Wo?\u00a0 \u00a0 \u00a0 \u00a0 \u00a0&hellip;<\/p>\n","protected":false},"author":9,"featured_media":0,"parent":0,"menu_order":0,"comment_status":"closed","ping_status":"closed","template":"","meta":{"_acf_changed":false,"footnotes":""},"class_list":["post-213","page","type-page","status-publish","hentry","description-off"],"acf":[],"yoast_head":"<!-- This site is optimized with the Yoast SEO plugin v27.4 - https:\/\/yoast.com\/product\/yoast-seo-wordpress\/ -->\r\n<title>Spielenachmittage - &quot;Kinderwelt St.Egidien&quot;<\/title>\r\n<meta name=\"robots\" content=\"index, follow, max-snippet:-1, max-image-preview:large, max-video-preview:-1\" \/>\r\n<link rel=\"canonical\" href=\"https:\/\/www.st-egidien.de\/kinderwelt\/spielenachmittage\/\" \/>\r\n<meta property=\"og:locale\" content=\"de_DE\" \/>\r\n<meta property=\"og:type\" content=\"article\" \/>\r\n<meta property=\"og:title\" content=\"Spielenachmittage - &quot;Kinderwelt St.Egidien&quot;\" \/>\r\n<meta property=\"og:description\" content=\"[vc_row][vc_column][vc_column_text] Herzliche Einladung zum Spielenachmittag in der Kinderwelt! F\u00fcr interessierte Eltern und Kinder, die unsere Einrichtung bald besuchen oder uns einfach nur kennenlernen m\u00f6chten \u2013 ganz egal in welchem Alter ihr seid! Wann?\u00a0 \u00a0 \u00a0 \u00a0 \u00a0 Jeden 2. Dienstag im Monat\u00a0 Uhrzeit?\u00a0 \u00a0 \u00a0 \u00a0 15:30 \u2013 16:30 Uhr Wo?\u00a0 \u00a0 \u00a0 \u00a0 \u00a0&hellip;\" \/>\r\n<meta property=\"og:url\" content=\"https:\/\/www.st-egidien.de\/kinderwelt\/spielenachmittage\/\" \/>\r\n<meta property=\"og:site_name\" content=\"&quot;Kinderwelt St.Egidien&quot;\" \/>\r\n<meta property=\"article:modified_time\" content=\"2026-01-15T06:26:06+00:00\" \/>\r\n<meta property=\"og:image\" content=\"http:\/\/www.st-egidien.de\/kinderwelt\/wp-content\/uploads\/sites\/2\/2025\/07\/phone.png\" \/>\r\n<meta name=\"twitter:card\" content=\"summary_large_image\" \/>\r\n<meta name=\"twitter:label1\" content=\"Gesch\u00e4tzte Lesezeit\" \/>\n\t<meta name=\"twitter:data1\" content=\"1\u00a0Minute\" \/>\r\n<script type=\"application\/ld+json\" class=\"yoast-schema-graph\">{\"@context\":\"https:\\\/\\\/schema.org\",\"@graph\":[{\"@type\":\"WebPage\",\"@id\":\"https:\\\/\\\/www.st-egidien.de\\\/kinderwelt\\\/spielenachmittage\\\/\",\"url\":\"https:\\\/\\\/www.st-egidien.de\\\/kinderwelt\\\/spielenachmittage\\\/\",\"name\":\"Spielenachmittage - &quot;Kinderwelt St.Egidien&quot;\",\"isPartOf\":{\"@id\":\"https:\\\/\\\/www.st-egidien.de\\\/kinderwelt\\\/#website\"},\"primaryImageOfPage\":{\"@id\":\"https:\\\/\\\/www.st-egidien.de\\\/kinderwelt\\\/spielenachmittage\\\/#primaryimage\"},\"image\":{\"@id\":\"https:\\\/\\\/www.st-egidien.de\\\/kinderwelt\\\/spielenachmittage\\\/#primaryimage\"},\"thumbnailUrl\":\"http:\\\/\\\/www.st-egidien.de\\\/kinderwelt\\\/wp-content\\\/uploads\\\/sites\\\/2\\\/2025\\\/07\\\/phone.png\",\"datePublished\":\"2025-05-15T12:20:30+00:00\",\"dateModified\":\"2026-01-15T06:26:06+00:00\",\"breadcrumb\":{\"@id\":\"https:\\\/\\\/www.st-egidien.de\\\/kinderwelt\\\/spielenachmittage\\\/#breadcrumb\"},\"inLanguage\":\"de\",\"potentialAction\":[{\"@type\":\"ReadAction\",\"target\":[\"https:\\\/\\\/www.st-egidien.de\\\/kinderwelt\\\/spielenachmittage\\\/\"]}]},{\"@type\":\"ImageObject\",\"inLanguage\":\"de\",\"@id\":\"https:\\\/\\\/www.st-egidien.de\\\/kinderwelt\\\/spielenachmittage\\\/#primaryimage\",\"url\":\"http:\\\/\\\/www.st-egidien.de\\\/kinderwelt\\\/wp-content\\\/uploads\\\/sites\\\/2\\\/2025\\\/07\\\/phone.png\",\"contentUrl\":\"http:\\\/\\\/www.st-egidien.de\\\/kinderwelt\\\/wp-content\\\/uploads\\\/sites\\\/2\\\/2025\\\/07\\\/phone.png\"},{\"@type\":\"BreadcrumbList\",\"@id\":\"https:\\\/\\\/www.st-egidien.de\\\/kinderwelt\\\/spielenachmittage\\\/#breadcrumb\",\"itemListElement\":[{\"@type\":\"ListItem\",\"position\":1,\"name\":\"Startseite\",\"item\":\"https:\\\/\\\/www.st-egidien.de\\\/kinderwelt\\\/\"},{\"@type\":\"ListItem\",\"position\":2,\"name\":\"Spielenachmittage\"}]},{\"@type\":\"WebSite\",\"@id\":\"https:\\\/\\\/www.st-egidien.de\\\/kinderwelt\\\/#website\",\"url\":\"https:\\\/\\\/www.st-egidien.de\\\/kinderwelt\\\/\",\"name\":\"&quot;Kinderwelt St.Egidien&quot;\",\"description\":\"Kindertageseinrichtung \",\"potentialAction\":[{\"@type\":\"SearchAction\",\"target\":{\"@type\":\"EntryPoint\",\"urlTemplate\":\"https:\\\/\\\/www.st-egidien.de\\\/kinderwelt\\\/?s={search_term_string}\"},\"query-input\":{\"@type\":\"PropertyValueSpecification\",\"valueRequired\":true,\"valueName\":\"search_term_string\"}}],\"inLanguage\":\"de\"}]}<\/script>\r\n<!-- \/ Yoast SEO plugin. -->","yoast_head_json":{"title":"Spielenachmittage - &quot;Kinderwelt St.Egidien&quot;","robots":{"index":"index","follow":"follow","max-snippet":"max-snippet:-1","max-image-preview":"max-image-preview:large","max-video-preview":"max-video-preview:-1"},"canonical":"https:\/\/www.st-egidien.de\/kinderwelt\/spielenachmittage\/","og_locale":"de_DE","og_type":"article","og_title":"Spielenachmittage - &quot;Kinderwelt St.Egidien&quot;","og_description":"[vc_row][vc_column][vc_column_text] Herzliche Einladung zum Spielenachmittag in der Kinderwelt! F\u00fcr interessierte Eltern und Kinder, die unsere Einrichtung bald besuchen oder uns einfach nur kennenlernen m\u00f6chten \u2013 ganz egal in welchem Alter ihr seid! Wann?\u00a0 \u00a0 \u00a0 \u00a0 \u00a0 Jeden 2. Dienstag im Monat\u00a0 Uhrzeit?\u00a0 \u00a0 \u00a0 \u00a0 15:30 \u2013 16:30 Uhr Wo?\u00a0 \u00a0 \u00a0 \u00a0 \u00a0&hellip;","og_url":"https:\/\/www.st-egidien.de\/kinderwelt\/spielenachmittage\/","og_site_name":"&quot;Kinderwelt St.Egidien&quot;","article_modified_time":"2026-01-15T06:26:06+00:00","og_image":[{"url":"http:\/\/www.st-egidien.de\/kinderwelt\/wp-content\/uploads\/sites\/2\/2025\/07\/phone.png","type":"","width":"","height":""}],"twitter_card":"summary_large_image","twitter_misc":{"Gesch\u00e4tzte Lesezeit":"1\u00a0Minute"},"schema":{"@context":"https:\/\/schema.org","@graph":[{"@type":"WebPage","@id":"https:\/\/www.st-egidien.de\/kinderwelt\/spielenachmittage\/","url":"https:\/\/www.st-egidien.de\/kinderwelt\/spielenachmittage\/","name":"Spielenachmittage - &quot;Kinderwelt St.Egidien&quot;","isPartOf":{"@id":"https:\/\/www.st-egidien.de\/kinderwelt\/#website"},"primaryImageOfPage":{"@id":"https:\/\/www.st-egidien.de\/kinderwelt\/spielenachmittage\/#primaryimage"},"image":{"@id":"https:\/\/www.st-egidien.de\/kinderwelt\/spielenachmittage\/#primaryimage"},"thumbnailUrl":"http:\/\/www.st-egidien.de\/kinderwelt\/wp-content\/uploads\/sites\/2\/2025\/07\/phone.png","datePublished":"2025-05-15T12:20:30+00:00","dateModified":"2026-01-15T06:26:06+00:00","breadcrumb":{"@id":"https:\/\/www.st-egidien.de\/kinderwelt\/spielenachmittage\/#breadcrumb"},"inLanguage":"de","potentialAction":[{"@type":"ReadAction","target":["https:\/\/www.st-egidien.de\/kinderwelt\/spielenachmittage\/"]}]},{"@type":"ImageObject","inLanguage":"de","@id":"https:\/\/www.st-egidien.de\/kinderwelt\/spielenachmittage\/#primaryimage","url":"http:\/\/www.st-egidien.de\/kinderwelt\/wp-content\/uploads\/sites\/2\/2025\/07\/phone.png","contentUrl":"http:\/\/www.st-egidien.de\/kinderwelt\/wp-content\/uploads\/sites\/2\/2025\/07\/phone.png"},{"@type":"BreadcrumbList","@id":"https:\/\/www.st-egidien.de\/kinderwelt\/spielenachmittage\/#breadcrumb","itemListElement":[{"@type":"ListItem","position":1,"name":"Startseite","item":"https:\/\/www.st-egidien.de\/kinderwelt\/"},{"@type":"ListItem","position":2,"name":"Spielenachmittage"}]},{"@type":"WebSite","@id":"https:\/\/www.st-egidien.de\/kinderwelt\/#website","url":"https:\/\/www.st-egidien.de\/kinderwelt\/","name":"&quot;Kinderwelt St.Egidien&quot;","description":"Kindertageseinrichtung ","potentialAction":[{"@type":"SearchAction","target":{"@type":"EntryPoint","urlTemplate":"https:\/\/www.st-egidien.de\/kinderwelt\/?s={search_term_string}"},"query-input":{"@type":"PropertyValueSpecification","valueRequired":true,"valueName":"search_term_string"}}],"inLanguage":"de"}]}},"_links":{"self":[{"href":"https:\/\/www.st-egidien.de\/kinderwelt\/wp-json\/wp\/v2\/pages\/213","targetHints":{"allow":["GET"]}}],"collection":[{"href":"https:\/\/www.st-egidien.de\/kinderwelt\/wp-json\/wp\/v2\/pages"}],"about":[{"href":"https:\/\/www.st-egidien.de\/kinderwelt\/wp-json\/wp\/v2\/types\/page"}],"author":[{"embeddable":true,"href":"https:\/\/www.st-egidien.de\/kinderwelt\/wp-json\/wp\/v2\/users\/9"}],"replies":[{"embeddable":true,"href":"https:\/\/www.st-egidien.de\/kinderwelt\/wp-json\/wp\/v2\/comments?post=213"}],"version-history":[{"count":8,"href":"https:\/\/www.st-egidien.de\/kinderwelt\/wp-json\/wp\/v2\/pages\/213\/revisions"}],"predecessor-version":[{"id":618,"href":"https:\/\/www.st-egidien.de\/kinderwelt\/wp-json\/wp\/v2\/pages\/213\/revisions\/618"}],"wp:attachment":[{"href":"https:\/\/www.st-egidien.de\/kinderwelt\/wp-json\/wp\/v2\/media?parent=213"}],"curies":[{"name":"wp","href":"https:\/\/api.w.org\/{rel}","templated":true}]}}