{"id":199,"date":"2025-05-15T13:15:30","date_gmt":"2025-05-15T11:15:30","guid":{"rendered":"https:\/\/www.st-egidien.de\/kinderwelt\/?page_id=199"},"modified":"2025-07-19T17:50:52","modified_gmt":"2025-07-19T15:50:52","slug":"unsere-teams","status":"publish","type":"page","link":"https:\/\/www.st-egidien.de\/kinderwelt\/unsere-teams\/","title":{"rendered":"Unsere Teams"},"content":{"rendered":"<div class=\"wpb-content-wrapper\"><p>[vc_row][vc_column width=&#8221;2\/3&#8243;][vc_column_text]An der Spitze unserer Einrichtung steht Frau Grellmann als Einrichtungsleitung, unterst\u00fctzt von drei engagierten Teamleitungen an den jeweiligen Standorten.<\/p>\n<p>Gemeinsam mit unseren Teams aus Erzieher\/innen und Heilp\u00e4dagoginnen begleiten wir die Kinder individuell, liebevoll und mit viel Herz. Unsere vielseitigen Interessen bereichern den Alltag und st\u00e4rken die F\u00f6rderung \u2013 besonders auch f\u00fcr unsere integrativen Kinder.[\/vc_column_text][\/vc_column][vc_column width=&#8221;1\/3&#8243;][vc_single_image image=&#8221;423&#8243; img_size=&#8221;medium&#8221; onclick=&#8221;link_image&#8221;][vc_single_image image=&#8221;424&#8243; img_size=&#8221;medium&#8221; onclick=&#8221;link_image&#8221;][\/vc_column][\/vc_row][vc_row][vc_column][vc_empty_space][\/vc_column][\/vc_row][vc_row][vc_column width=&#8221;1\/3&#8243;][vc_single_image image=&#8221;425&#8243; img_size=&#8221;medium&#8221; onclick=&#8221;link_image&#8221;][\/vc_column][vc_column width=&#8221;2\/3&#8243;][vc_column_text]Zum Team geh\u00f6ren au\u00dferdem unsere vier K\u00fcchenkr\u00e4fte \u2013 die \u201eMuttis\u201c unserer H\u00e4user \u2013 die t\u00e4glich mit viel Liebe f\u00fcr das leibliche Wohl der Kinder sorgen.[\/vc_column_text][\/vc_column][\/vc_row][vc_row][vc_column][vc_empty_space][\/vc_column][\/vc_row][vc_row][vc_column width=&#8221;1\/4&#8243;][vc_single_image image=&#8221;263&#8243; img_size=&#8221;medium&#8221; alignment=&#8221;right&#8221; onclick=&#8221;link_image&#8221; css_animation=&#8221;none&#8221;][\/vc_column][vc_column width=&#8221;3\/4&#8243;][vc_empty_space height=&#8221;40px&#8221;][vc_column_text]<\/p>\n<h5>Kontakt Einrichtungsleitung<\/h5>\n<p>[\/vc_column_text][vc_column_text]<strong>Kathrin Grellmann<\/strong><\/p>\n<table style=\"width: 100%; border-collapse: collapse; height: 54px;\">\n<tbody>\n<tr style=\"height: 26px;\">\n<td style=\"width: 4.77387%; text-align: center; height: 10px;\"><img loading=\"lazy\" decoding=\"async\" class=\"\" src=\"http:\/\/www.st-egidien.de\/kinderwelt\/wp-content\/uploads\/sites\/2\/2025\/07\/location.png\" width=\"25\" height=\"25\" \/><\/td>\n<td style=\"width: 95.2262%; height: 10px;\">Schulstra\u00dfe 24, St.Egidien<\/td>\n<\/tr>\n<tr style=\"height: 22px;\">\n<td style=\"width: 4.77387%; height: 22px; text-align: center;\"><img loading=\"lazy\" decoding=\"async\" class=\"\" src=\"http:\/\/www.st-egidien.de\/kinderwelt\/wp-content\/uploads\/sites\/2\/2025\/07\/phone.png\" width=\"25\" height=\"25\" \/><\/td>\n<td style=\"width: 95.2262%; height: 22px;\">037204 509423<\/td>\n<\/tr>\n<tr style=\"height: 22px;\">\n<td style=\"width: 4.77387%; height: 22px; text-align: center;\"><img loading=\"lazy\" decoding=\"async\" class=\"\" src=\"http:\/\/www.st-egidien.de\/kinderwelt\/wp-content\/uploads\/sites\/2\/2025\/07\/email.png\" width=\"25\" height=\"25\" \/><\/td>\n<td style=\"width: 95.2262%; height: 22px;\"><a href=\"mailto:kinderwelt@st-egidien.de\">kathrin.grellmann@st-egidien.de<\/a><\/td>\n<\/tr>\n<\/tbody>\n<\/table>\n<p>[\/vc_column_text][\/vc_column][\/vc_row]<\/p>\n<\/div>","protected":false},"excerpt":{"rendered":"<p>[vc_row][vc_column width=&#8221;2\/3&#8243;][vc_column_text]An der Spitze unserer Einrichtung steht Frau Grellmann als Einrichtungsleitung, unterst\u00fctzt von drei engagierten Teamleitungen an den jeweiligen Standorten. Gemeinsam mit unseren Teams aus Erzieher\/innen und Heilp\u00e4dagoginnen begleiten wir die Kinder individuell, liebevoll und mit viel Herz. Unsere vielseitigen Interessen bereichern den Alltag und st\u00e4rken die F\u00f6rderung \u2013 besonders auch f\u00fcr unsere integrativen Kinder.[\/vc_column_text][\/vc_column][vc_column&hellip;<\/p>\n","protected":false},"author":9,"featured_media":0,"parent":0,"menu_order":0,"comment_status":"closed","ping_status":"closed","template":"","meta":{"_acf_changed":false,"footnotes":""},"class_list":["post-199","page","type-page","status-publish","hentry","description-off"],"acf":[],"yoast_head":"<!-- This site is optimized with the Yoast SEO plugin v27.4 - https:\/\/yoast.com\/product\/yoast-seo-wordpress\/ -->\r\n<title>Unsere Teams - &quot;Kinderwelt St.Egidien&quot;<\/title>\r\n<meta name=\"robots\" content=\"index, follow, max-snippet:-1, max-image-preview:large, max-video-preview:-1\" \/>\r\n<link rel=\"canonical\" href=\"https:\/\/www.st-egidien.de\/kinderwelt\/unsere-teams\/\" \/>\r\n<meta property=\"og:locale\" content=\"de_DE\" \/>\r\n<meta property=\"og:type\" content=\"article\" \/>\r\n<meta property=\"og:title\" content=\"Unsere Teams - &quot;Kinderwelt St.Egidien&quot;\" \/>\r\n<meta property=\"og:description\" content=\"[vc_row][vc_column width=&#8221;2\/3&#8243;][vc_column_text]An der Spitze unserer Einrichtung steht Frau Grellmann als Einrichtungsleitung, unterst\u00fctzt von drei engagierten Teamleitungen an den jeweiligen Standorten. Gemeinsam mit unseren Teams aus Erzieher\/innen und Heilp\u00e4dagoginnen begleiten wir die Kinder individuell, liebevoll und mit viel Herz. Unsere vielseitigen Interessen bereichern den Alltag und st\u00e4rken die F\u00f6rderung \u2013 besonders auch f\u00fcr unsere integrativen Kinder.[\/vc_column_text][\/vc_column][vc_column&hellip;\" \/>\r\n<meta property=\"og:url\" content=\"https:\/\/www.st-egidien.de\/kinderwelt\/unsere-teams\/\" \/>\r\n<meta property=\"og:site_name\" content=\"&quot;Kinderwelt St.Egidien&quot;\" \/>\r\n<meta property=\"article:modified_time\" content=\"2025-07-19T15:50:52+00:00\" \/>\r\n<meta property=\"og:image\" content=\"http:\/\/www.st-egidien.de\/kinderwelt\/wp-content\/uploads\/sites\/2\/2025\/07\/location.png\" \/>\r\n<meta name=\"twitter:card\" content=\"summary_large_image\" \/>\r\n<meta name=\"twitter:label1\" content=\"Gesch\u00e4tzte Lesezeit\" \/>\n\t<meta name=\"twitter:data1\" content=\"2\u00a0Minuten\" \/>\r\n<script type=\"application\/ld+json\" class=\"yoast-schema-graph\">{\"@context\":\"https:\\\/\\\/schema.org\",\"@graph\":[{\"@type\":\"WebPage\",\"@id\":\"https:\\\/\\\/www.st-egidien.de\\\/kinderwelt\\\/unsere-teams\\\/\",\"url\":\"https:\\\/\\\/www.st-egidien.de\\\/kinderwelt\\\/unsere-teams\\\/\",\"name\":\"Unsere Teams - &quot;Kinderwelt St.Egidien&quot;\",\"isPartOf\":{\"@id\":\"https:\\\/\\\/www.st-egidien.de\\\/kinderwelt\\\/#website\"},\"primaryImageOfPage\":{\"@id\":\"https:\\\/\\\/www.st-egidien.de\\\/kinderwelt\\\/unsere-teams\\\/#primaryimage\"},\"image\":{\"@id\":\"https:\\\/\\\/www.st-egidien.de\\\/kinderwelt\\\/unsere-teams\\\/#primaryimage\"},\"thumbnailUrl\":\"http:\\\/\\\/www.st-egidien.de\\\/kinderwelt\\\/wp-content\\\/uploads\\\/sites\\\/2\\\/2025\\\/07\\\/location.png\",\"datePublished\":\"2025-05-15T11:15:30+00:00\",\"dateModified\":\"2025-07-19T15:50:52+00:00\",\"breadcrumb\":{\"@id\":\"https:\\\/\\\/www.st-egidien.de\\\/kinderwelt\\\/unsere-teams\\\/#breadcrumb\"},\"inLanguage\":\"de\",\"potentialAction\":[{\"@type\":\"ReadAction\",\"target\":[\"https:\\\/\\\/www.st-egidien.de\\\/kinderwelt\\\/unsere-teams\\\/\"]}]},{\"@type\":\"ImageObject\",\"inLanguage\":\"de\",\"@id\":\"https:\\\/\\\/www.st-egidien.de\\\/kinderwelt\\\/unsere-teams\\\/#primaryimage\",\"url\":\"http:\\\/\\\/www.st-egidien.de\\\/kinderwelt\\\/wp-content\\\/uploads\\\/sites\\\/2\\\/2025\\\/07\\\/location.png\",\"contentUrl\":\"http:\\\/\\\/www.st-egidien.de\\\/kinderwelt\\\/wp-content\\\/uploads\\\/sites\\\/2\\\/2025\\\/07\\\/location.png\"},{\"@type\":\"BreadcrumbList\",\"@id\":\"https:\\\/\\\/www.st-egidien.de\\\/kinderwelt\\\/unsere-teams\\\/#breadcrumb\",\"itemListElement\":[{\"@type\":\"ListItem\",\"position\":1,\"name\":\"Startseite\",\"item\":\"https:\\\/\\\/www.st-egidien.de\\\/kinderwelt\\\/\"},{\"@type\":\"ListItem\",\"position\":2,\"name\":\"Unsere Teams\"}]},{\"@type\":\"WebSite\",\"@id\":\"https:\\\/\\\/www.st-egidien.de\\\/kinderwelt\\\/#website\",\"url\":\"https:\\\/\\\/www.st-egidien.de\\\/kinderwelt\\\/\",\"name\":\"&quot;Kinderwelt St.Egidien&quot;\",\"description\":\"Kindertageseinrichtung \",\"potentialAction\":[{\"@type\":\"SearchAction\",\"target\":{\"@type\":\"EntryPoint\",\"urlTemplate\":\"https:\\\/\\\/www.st-egidien.de\\\/kinderwelt\\\/?s={search_term_string}\"},\"query-input\":{\"@type\":\"PropertyValueSpecification\",\"valueRequired\":true,\"valueName\":\"search_term_string\"}}],\"inLanguage\":\"de\"}]}<\/script>\r\n<!-- \/ Yoast SEO plugin. -->","yoast_head_json":{"title":"Unsere Teams - &quot;Kinderwelt St.Egidien&quot;","robots":{"index":"index","follow":"follow","max-snippet":"max-snippet:-1","max-image-preview":"max-image-preview:large","max-video-preview":"max-video-preview:-1"},"canonical":"https:\/\/www.st-egidien.de\/kinderwelt\/unsere-teams\/","og_locale":"de_DE","og_type":"article","og_title":"Unsere Teams - &quot;Kinderwelt St.Egidien&quot;","og_description":"[vc_row][vc_column width=&#8221;2\/3&#8243;][vc_column_text]An der Spitze unserer Einrichtung steht Frau Grellmann als Einrichtungsleitung, unterst\u00fctzt von drei engagierten Teamleitungen an den jeweiligen Standorten. Gemeinsam mit unseren Teams aus Erzieher\/innen und Heilp\u00e4dagoginnen begleiten wir die Kinder individuell, liebevoll und mit viel Herz. Unsere vielseitigen Interessen bereichern den Alltag und st\u00e4rken die F\u00f6rderung \u2013 besonders auch f\u00fcr unsere integrativen Kinder.[\/vc_column_text][\/vc_column][vc_column&hellip;","og_url":"https:\/\/www.st-egidien.de\/kinderwelt\/unsere-teams\/","og_site_name":"&quot;Kinderwelt St.Egidien&quot;","article_modified_time":"2025-07-19T15:50:52+00:00","og_image":[{"url":"http:\/\/www.st-egidien.de\/kinderwelt\/wp-content\/uploads\/sites\/2\/2025\/07\/location.png","type":"","width":"","height":""}],"twitter_card":"summary_large_image","twitter_misc":{"Gesch\u00e4tzte Lesezeit":"2\u00a0Minuten"},"schema":{"@context":"https:\/\/schema.org","@graph":[{"@type":"WebPage","@id":"https:\/\/www.st-egidien.de\/kinderwelt\/unsere-teams\/","url":"https:\/\/www.st-egidien.de\/kinderwelt\/unsere-teams\/","name":"Unsere Teams - &quot;Kinderwelt St.Egidien&quot;","isPartOf":{"@id":"https:\/\/www.st-egidien.de\/kinderwelt\/#website"},"primaryImageOfPage":{"@id":"https:\/\/www.st-egidien.de\/kinderwelt\/unsere-teams\/#primaryimage"},"image":{"@id":"https:\/\/www.st-egidien.de\/kinderwelt\/unsere-teams\/#primaryimage"},"thumbnailUrl":"http:\/\/www.st-egidien.de\/kinderwelt\/wp-content\/uploads\/sites\/2\/2025\/07\/location.png","datePublished":"2025-05-15T11:15:30+00:00","dateModified":"2025-07-19T15:50:52+00:00","breadcrumb":{"@id":"https:\/\/www.st-egidien.de\/kinderwelt\/unsere-teams\/#breadcrumb"},"inLanguage":"de","potentialAction":[{"@type":"ReadAction","target":["https:\/\/www.st-egidien.de\/kinderwelt\/unsere-teams\/"]}]},{"@type":"ImageObject","inLanguage":"de","@id":"https:\/\/www.st-egidien.de\/kinderwelt\/unsere-teams\/#primaryimage","url":"http:\/\/www.st-egidien.de\/kinderwelt\/wp-content\/uploads\/sites\/2\/2025\/07\/location.png","contentUrl":"http:\/\/www.st-egidien.de\/kinderwelt\/wp-content\/uploads\/sites\/2\/2025\/07\/location.png"},{"@type":"BreadcrumbList","@id":"https:\/\/www.st-egidien.de\/kinderwelt\/unsere-teams\/#breadcrumb","itemListElement":[{"@type":"ListItem","position":1,"name":"Startseite","item":"https:\/\/www.st-egidien.de\/kinderwelt\/"},{"@type":"ListItem","position":2,"name":"Unsere Teams"}]},{"@type":"WebSite","@id":"https:\/\/www.st-egidien.de\/kinderwelt\/#website","url":"https:\/\/www.st-egidien.de\/kinderwelt\/","name":"&quot;Kinderwelt St.Egidien&quot;","description":"Kindertageseinrichtung ","potentialAction":[{"@type":"SearchAction","target":{"@type":"EntryPoint","urlTemplate":"https:\/\/www.st-egidien.de\/kinderwelt\/?s={search_term_string}"},"query-input":{"@type":"PropertyValueSpecification","valueRequired":true,"valueName":"search_term_string"}}],"inLanguage":"de"}]}},"_links":{"self":[{"href":"https:\/\/www.st-egidien.de\/kinderwelt\/wp-json\/wp\/v2\/pages\/199","targetHints":{"allow":["GET"]}}],"collection":[{"href":"https:\/\/www.st-egidien.de\/kinderwelt\/wp-json\/wp\/v2\/pages"}],"about":[{"href":"https:\/\/www.st-egidien.de\/kinderwelt\/wp-json\/wp\/v2\/types\/page"}],"author":[{"embeddable":true,"href":"https:\/\/www.st-egidien.de\/kinderwelt\/wp-json\/wp\/v2\/users\/9"}],"replies":[{"embeddable":true,"href":"https:\/\/www.st-egidien.de\/kinderwelt\/wp-json\/wp\/v2\/comments?post=199"}],"version-history":[{"count":10,"href":"https:\/\/www.st-egidien.de\/kinderwelt\/wp-json\/wp\/v2\/pages\/199\/revisions"}],"predecessor-version":[{"id":497,"href":"https:\/\/www.st-egidien.de\/kinderwelt\/wp-json\/wp\/v2\/pages\/199\/revisions\/497"}],"wp:attachment":[{"href":"https:\/\/www.st-egidien.de\/kinderwelt\/wp-json\/wp\/v2\/media?parent=199"}],"curies":[{"name":"wp","href":"https:\/\/api.w.org\/{rel}","templated":true}]}}