{"id":177,"date":"2025-05-13T15:07:52","date_gmt":"2025-05-13T13:07:52","guid":{"rendered":"https:\/\/www.st-egidien.de\/kinderwelt\/?page_id=177"},"modified":"2025-07-18T14:53:57","modified_gmt":"2025-07-18T12:53:57","slug":"wiesenwichtel","status":"publish","type":"page","link":"https:\/\/www.st-egidien.de\/kinderwelt\/wiesenwichtel\/","title":{"rendered":"Wiesenwichtel (ESO B)"},"content":{"rendered":"<div class=\"wpb-content-wrapper\"><p>[vc_row][vc_column width=&#8221;2\/3&#8243;][vc_column_text]Bei den Wiesenwichteln werden 66 Kinder in zwei Krippengruppen und drei Kindergartengruppen liebevoll und individuell betreut.<\/p>\n<p>Ein besonderer Bestandteil unseres Hauses ist der Mehrzweckraum. Dieser wird unter anderem von Therapeuten genutzt, die unsere Integrativkinder im Alltag begleiten und f\u00f6rdern.<\/p>\n<p>Wir legen gro\u00dfen Wert auf Inklusion. Auch gehbehinderte Kinder k\u00f6nnen bei uns aufgenommen werden. Daf\u00fcr wurde ein Sanit\u00e4rbereich in einem Gruppenzimmer barrierefrei umgebaut \u2013 mit h\u00f6henverstellbarem Waschbecken und Toilette mit Haltegriffen, um gr\u00f6\u00dftm\u00f6gliche Selbstst\u00e4ndigkeit zu erm\u00f6glichen.<\/p>\n<p>Unser gro\u00dfer Garten ist ein Herzst\u00fcck des Alltags. Er ist nicht in Krippe und Kindergarten unterteilt \u2013 alle Kinder im Alter von 1 bis 5 Jahren spielen hier gemeinsam, entdecken, forschen und bewegen sich frei in der Natur. In unserem selbst angelegten Kleingarten\u00a0ernten wir Erdbeeren, Tomaten, Gurken und einige Kr\u00e4uter.<\/p>\n<p>Im letzten Kindergartenjahr wechseln die Vorschulkinder zu den Waldwichteln. Hier werden alle Kinder im Vorschulalter gemeinsam betreut und durch ein spezielles Vorschulkonzept gezielt auf die Schule vorbereitet.[\/vc_column_text][\/vc_column][vc_column width=&#8221;1\/3&#8243;][vc_single_image image=&#8221;321&#8243; img_size=&#8221;medium&#8221; alignment=&#8221;center&#8221; onclick=&#8221;link_image&#8221;][vc_single_image image=&#8221;102&#8243; img_size=&#8221;medium&#8221; alignment=&#8221;center&#8221; onclick=&#8221;link_image&#8221;][vc_gmaps link=&#8221;#E-8_JTNDaWZyYW1lJTIwc3JjJTNEJTIyaHR0cHMlM0ElMkYlMkZ3d3cuZ29vZ2xlLmNvbSUyRm1hcHMlMkZlbWJlZCUzRnBiJTNEJTIxMW0xOCUyMTFtMTIlMjExbTMlMjExZDkyNC45NzE2OTUzNDA1ODI4JTIxMmQxMi42MTkzODM4NDQ1MDg4NzYlMjEzZDUwLjc4NjgzODQzMDgyNDU3NCUyMTJtMyUyMTFmMCUyMTJmMCUyMTNmMCUyMTNtMiUyMTFpMTAyNCUyMTJpNzY4JTIxNGYxMy4xJTIxM20zJTIxMW0yJTIxMXMweDQ3YTczMWI0OTZlZTQ5MzklMjUzQTB4Y2QxMjBkNDFhYWFjYWNmMSUyMTJzS2l0YSUyNTIwJTI1MjJLaW5kZXJ3ZWx0JTI1MjBTdC4lMjUyMEVnaWRpZW4lMjUyMiUyMTVlMSUyMTNtMiUyMTFzZGUlMjEyc2RlJTIxNHYxNzQ3MTMyNTA5OTcyJTIxNW0yJTIxMXNkZSUyMTJzZGUlMjIlMjB3aWR0aCUzRCUyMjYwMCUyMiUyMGhlaWdodCUzRCUyMjQ1MCUyMiUyMHN0eWxlJTNEJTIyYm9yZGVyJTNBMCUzQiUyMiUyMGFsbG93ZnVsbHNjcmVlbiUzRCUyMiUyMiUyMGxvYWRpbmclM0QlMjJsYXp5JTIyJTIwcmVmZXJyZXJwb2xpY3klM0QlMjJuby1yZWZlcnJlci13aGVuLWRvd25ncmFkZSUyMiUzRSUzQyUyRmlmcmFtZSUzRQ==&#8221; size=&#8221;200&#8243;][\/vc_column][\/vc_row][vc_row][vc_column][vc_empty_space][\/vc_column][\/vc_row][vc_row][vc_column width=&#8221;1\/4&#8243;][vc_single_image image=&#8221;262&#8243; img_size=&#8221;medium&#8221; alignment=&#8221;center&#8221; onclick=&#8221;link_image&#8221; css_animation=&#8221;none&#8221;][\/vc_column][vc_column width=&#8221;3\/4&#8243;][vc_empty_space height=&#8221;40px&#8221;][vc_column_text]<\/p>\n<h5>Kontakt Teamleitung<\/h5>\n<p>[\/vc_column_text][vc_column_text]<strong>Peggy Thieme<\/strong><\/p>\n<table style=\"width: 100%; border-collapse: collapse; height: 54px;\">\n<tbody>\n<tr style=\"height: 26px;\">\n<td style=\"width: 4.77387%; text-align: center; height: 10px;\"><img loading=\"lazy\" decoding=\"async\" class=\"\" src=\"http:\/\/www.st-egidien.de\/kinderwelt\/wp-content\/uploads\/sites\/2\/2025\/07\/location.png\" width=\"25\" height=\"25\" \/><\/td>\n<td style=\"width: 95.2262%; height: 10px;\">Schulstra\u00dfe 24, St.Egidien<\/td>\n<\/tr>\n<tr style=\"height: 22px;\">\n<td style=\"width: 4.77387%; height: 22px; text-align: center;\"><img loading=\"lazy\" decoding=\"async\" class=\"\" src=\"http:\/\/www.st-egidien.de\/kinderwelt\/wp-content\/uploads\/sites\/2\/2025\/07\/phone.png\" width=\"25\" height=\"25\" \/><\/td>\n<td style=\"width: 95.2262%; height: 22px;\">01514 6707908<\/td>\n<\/tr>\n<tr style=\"height: 22px;\">\n<td style=\"width: 4.77387%; height: 22px; text-align: center;\"><img loading=\"lazy\" decoding=\"async\" src=\"http:\/\/www.st-egidien.de\/kinderwelt\/wp-content\/uploads\/sites\/2\/2025\/07\/email.png\" width=\"25\" height=\"25\" \/><\/td>\n<td style=\"width: 95.2262%; height: 22px;\"><a href=\"mailto:kinderwelt-esob@kinderwelt-st-egidien.de\">kinderwelt-esob@kinderwelt-st-egidien.de<\/a><\/td>\n<\/tr>\n<\/tbody>\n<\/table>\n<p>[\/vc_column_text][\/vc_column][\/vc_row]<\/p>\n<\/div>","protected":false},"excerpt":{"rendered":"<p>[vc_row][vc_column width=&#8221;2\/3&#8243;][vc_column_text]Bei den Wiesenwichteln werden 66 Kinder in zwei Krippengruppen und drei Kindergartengruppen liebevoll und individuell betreut. Ein besonderer Bestandteil unseres Hauses ist der Mehrzweckraum. Dieser wird unter anderem von Therapeuten genutzt, die unsere Integrativkinder im Alltag begleiten und f\u00f6rdern. Wir legen gro\u00dfen Wert auf Inklusion. Auch gehbehinderte Kinder k\u00f6nnen bei uns aufgenommen werden. Daf\u00fcr&hellip;<\/p>\n","protected":false},"author":9,"featured_media":0,"parent":0,"menu_order":2,"comment_status":"closed","ping_status":"closed","template":"","meta":{"_acf_changed":false,"footnotes":""},"class_list":["post-177","page","type-page","status-publish","hentry","description-off"],"acf":[],"yoast_head":"<!-- This site is optimized with the Yoast SEO plugin v27.4 - https:\/\/yoast.com\/product\/yoast-seo-wordpress\/ -->\r\n<title>Wiesenwichtel (ESO B) - &quot;Kinderwelt St.Egidien&quot;<\/title>\r\n<meta name=\"robots\" content=\"index, follow, max-snippet:-1, max-image-preview:large, max-video-preview:-1\" \/>\r\n<link rel=\"canonical\" href=\"https:\/\/www.st-egidien.de\/kinderwelt\/wiesenwichtel\/\" \/>\r\n<meta property=\"og:locale\" content=\"de_DE\" \/>\r\n<meta property=\"og:type\" content=\"article\" \/>\r\n<meta property=\"og:title\" content=\"Wiesenwichtel (ESO B) - &quot;Kinderwelt St.Egidien&quot;\" \/>\r\n<meta property=\"og:description\" content=\"[vc_row][vc_column width=&#8221;2\/3&#8243;][vc_column_text]Bei den Wiesenwichteln werden 66 Kinder in zwei Krippengruppen und drei Kindergartengruppen liebevoll und individuell betreut. Ein besonderer Bestandteil unseres Hauses ist der Mehrzweckraum. Dieser wird unter anderem von Therapeuten genutzt, die unsere Integrativkinder im Alltag begleiten und f\u00f6rdern. Wir legen gro\u00dfen Wert auf Inklusion. Auch gehbehinderte Kinder k\u00f6nnen bei uns aufgenommen werden. Daf\u00fcr&hellip;\" \/>\r\n<meta property=\"og:url\" content=\"https:\/\/www.st-egidien.de\/kinderwelt\/wiesenwichtel\/\" \/>\r\n<meta property=\"og:site_name\" content=\"&quot;Kinderwelt St.Egidien&quot;\" \/>\r\n<meta property=\"article:modified_time\" content=\"2025-07-18T12:53:57+00:00\" \/>\r\n<meta property=\"og:image\" content=\"http:\/\/www.st-egidien.de\/kinderwelt\/wp-content\/uploads\/sites\/2\/2025\/07\/location.png\" \/>\r\n<meta name=\"twitter:card\" content=\"summary_large_image\" \/>\r\n<meta name=\"twitter:label1\" content=\"Gesch\u00e4tzte Lesezeit\" \/>\n\t<meta name=\"twitter:data1\" content=\"2\u00a0Minuten\" \/>\r\n<script type=\"application\/ld+json\" class=\"yoast-schema-graph\">{\"@context\":\"https:\\\/\\\/schema.org\",\"@graph\":[{\"@type\":\"WebPage\",\"@id\":\"https:\\\/\\\/www.st-egidien.de\\\/kinderwelt\\\/wiesenwichtel\\\/\",\"url\":\"https:\\\/\\\/www.st-egidien.de\\\/kinderwelt\\\/wiesenwichtel\\\/\",\"name\":\"Wiesenwichtel (ESO B) - &quot;Kinderwelt St.Egidien&quot;\",\"isPartOf\":{\"@id\":\"https:\\\/\\\/www.st-egidien.de\\\/kinderwelt\\\/#website\"},\"primaryImageOfPage\":{\"@id\":\"https:\\\/\\\/www.st-egidien.de\\\/kinderwelt\\\/wiesenwichtel\\\/#primaryimage\"},\"image\":{\"@id\":\"https:\\\/\\\/www.st-egidien.de\\\/kinderwelt\\\/wiesenwichtel\\\/#primaryimage\"},\"thumbnailUrl\":\"http:\\\/\\\/www.st-egidien.de\\\/kinderwelt\\\/wp-content\\\/uploads\\\/sites\\\/2\\\/2025\\\/07\\\/location.png\",\"datePublished\":\"2025-05-13T13:07:52+00:00\",\"dateModified\":\"2025-07-18T12:53:57+00:00\",\"breadcrumb\":{\"@id\":\"https:\\\/\\\/www.st-egidien.de\\\/kinderwelt\\\/wiesenwichtel\\\/#breadcrumb\"},\"inLanguage\":\"de\",\"potentialAction\":[{\"@type\":\"ReadAction\",\"target\":[\"https:\\\/\\\/www.st-egidien.de\\\/kinderwelt\\\/wiesenwichtel\\\/\"]}]},{\"@type\":\"ImageObject\",\"inLanguage\":\"de\",\"@id\":\"https:\\\/\\\/www.st-egidien.de\\\/kinderwelt\\\/wiesenwichtel\\\/#primaryimage\",\"url\":\"http:\\\/\\\/www.st-egidien.de\\\/kinderwelt\\\/wp-content\\\/uploads\\\/sites\\\/2\\\/2025\\\/07\\\/location.png\",\"contentUrl\":\"http:\\\/\\\/www.st-egidien.de\\\/kinderwelt\\\/wp-content\\\/uploads\\\/sites\\\/2\\\/2025\\\/07\\\/location.png\"},{\"@type\":\"BreadcrumbList\",\"@id\":\"https:\\\/\\\/www.st-egidien.de\\\/kinderwelt\\\/wiesenwichtel\\\/#breadcrumb\",\"itemListElement\":[{\"@type\":\"ListItem\",\"position\":1,\"name\":\"Startseite\",\"item\":\"https:\\\/\\\/www.st-egidien.de\\\/kinderwelt\\\/\"},{\"@type\":\"ListItem\",\"position\":2,\"name\":\"Wiesenwichtel (ESO B)\"}]},{\"@type\":\"WebSite\",\"@id\":\"https:\\\/\\\/www.st-egidien.de\\\/kinderwelt\\\/#website\",\"url\":\"https:\\\/\\\/www.st-egidien.de\\\/kinderwelt\\\/\",\"name\":\"&quot;Kinderwelt St.Egidien&quot;\",\"description\":\"Kindertageseinrichtung \",\"potentialAction\":[{\"@type\":\"SearchAction\",\"target\":{\"@type\":\"EntryPoint\",\"urlTemplate\":\"https:\\\/\\\/www.st-egidien.de\\\/kinderwelt\\\/?s={search_term_string}\"},\"query-input\":{\"@type\":\"PropertyValueSpecification\",\"valueRequired\":true,\"valueName\":\"search_term_string\"}}],\"inLanguage\":\"de\"}]}<\/script>\r\n<!-- \/ Yoast SEO plugin. -->","yoast_head_json":{"title":"Wiesenwichtel (ESO B) - &quot;Kinderwelt St.Egidien&quot;","robots":{"index":"index","follow":"follow","max-snippet":"max-snippet:-1","max-image-preview":"max-image-preview:large","max-video-preview":"max-video-preview:-1"},"canonical":"https:\/\/www.st-egidien.de\/kinderwelt\/wiesenwichtel\/","og_locale":"de_DE","og_type":"article","og_title":"Wiesenwichtel (ESO B) - &quot;Kinderwelt St.Egidien&quot;","og_description":"[vc_row][vc_column width=&#8221;2\/3&#8243;][vc_column_text]Bei den Wiesenwichteln werden 66 Kinder in zwei Krippengruppen und drei Kindergartengruppen liebevoll und individuell betreut. Ein besonderer Bestandteil unseres Hauses ist der Mehrzweckraum. Dieser wird unter anderem von Therapeuten genutzt, die unsere Integrativkinder im Alltag begleiten und f\u00f6rdern. Wir legen gro\u00dfen Wert auf Inklusion. Auch gehbehinderte Kinder k\u00f6nnen bei uns aufgenommen werden. Daf\u00fcr&hellip;","og_url":"https:\/\/www.st-egidien.de\/kinderwelt\/wiesenwichtel\/","og_site_name":"&quot;Kinderwelt St.Egidien&quot;","article_modified_time":"2025-07-18T12:53:57+00:00","og_image":[{"url":"http:\/\/www.st-egidien.de\/kinderwelt\/wp-content\/uploads\/sites\/2\/2025\/07\/location.png","type":"","width":"","height":""}],"twitter_card":"summary_large_image","twitter_misc":{"Gesch\u00e4tzte Lesezeit":"2\u00a0Minuten"},"schema":{"@context":"https:\/\/schema.org","@graph":[{"@type":"WebPage","@id":"https:\/\/www.st-egidien.de\/kinderwelt\/wiesenwichtel\/","url":"https:\/\/www.st-egidien.de\/kinderwelt\/wiesenwichtel\/","name":"Wiesenwichtel (ESO B) - &quot;Kinderwelt St.Egidien&quot;","isPartOf":{"@id":"https:\/\/www.st-egidien.de\/kinderwelt\/#website"},"primaryImageOfPage":{"@id":"https:\/\/www.st-egidien.de\/kinderwelt\/wiesenwichtel\/#primaryimage"},"image":{"@id":"https:\/\/www.st-egidien.de\/kinderwelt\/wiesenwichtel\/#primaryimage"},"thumbnailUrl":"http:\/\/www.st-egidien.de\/kinderwelt\/wp-content\/uploads\/sites\/2\/2025\/07\/location.png","datePublished":"2025-05-13T13:07:52+00:00","dateModified":"2025-07-18T12:53:57+00:00","breadcrumb":{"@id":"https:\/\/www.st-egidien.de\/kinderwelt\/wiesenwichtel\/#breadcrumb"},"inLanguage":"de","potentialAction":[{"@type":"ReadAction","target":["https:\/\/www.st-egidien.de\/kinderwelt\/wiesenwichtel\/"]}]},{"@type":"ImageObject","inLanguage":"de","@id":"https:\/\/www.st-egidien.de\/kinderwelt\/wiesenwichtel\/#primaryimage","url":"http:\/\/www.st-egidien.de\/kinderwelt\/wp-content\/uploads\/sites\/2\/2025\/07\/location.png","contentUrl":"http:\/\/www.st-egidien.de\/kinderwelt\/wp-content\/uploads\/sites\/2\/2025\/07\/location.png"},{"@type":"BreadcrumbList","@id":"https:\/\/www.st-egidien.de\/kinderwelt\/wiesenwichtel\/#breadcrumb","itemListElement":[{"@type":"ListItem","position":1,"name":"Startseite","item":"https:\/\/www.st-egidien.de\/kinderwelt\/"},{"@type":"ListItem","position":2,"name":"Wiesenwichtel (ESO B)"}]},{"@type":"WebSite","@id":"https:\/\/www.st-egidien.de\/kinderwelt\/#website","url":"https:\/\/www.st-egidien.de\/kinderwelt\/","name":"&quot;Kinderwelt St.Egidien&quot;","description":"Kindertageseinrichtung ","potentialAction":[{"@type":"SearchAction","target":{"@type":"EntryPoint","urlTemplate":"https:\/\/www.st-egidien.de\/kinderwelt\/?s={search_term_string}"},"query-input":{"@type":"PropertyValueSpecification","valueRequired":true,"valueName":"search_term_string"}}],"inLanguage":"de"}]}},"_links":{"self":[{"href":"https:\/\/www.st-egidien.de\/kinderwelt\/wp-json\/wp\/v2\/pages\/177","targetHints":{"allow":["GET"]}}],"collection":[{"href":"https:\/\/www.st-egidien.de\/kinderwelt\/wp-json\/wp\/v2\/pages"}],"about":[{"href":"https:\/\/www.st-egidien.de\/kinderwelt\/wp-json\/wp\/v2\/types\/page"}],"author":[{"embeddable":true,"href":"https:\/\/www.st-egidien.de\/kinderwelt\/wp-json\/wp\/v2\/users\/9"}],"replies":[{"embeddable":true,"href":"https:\/\/www.st-egidien.de\/kinderwelt\/wp-json\/wp\/v2\/comments?post=177"}],"version-history":[{"count":20,"href":"https:\/\/www.st-egidien.de\/kinderwelt\/wp-json\/wp\/v2\/pages\/177\/revisions"}],"predecessor-version":[{"id":658,"href":"https:\/\/www.st-egidien.de\/kinderwelt\/wp-json\/wp\/v2\/pages\/177\/revisions\/658"}],"wp:attachment":[{"href":"https:\/\/www.st-egidien.de\/kinderwelt\/wp-json\/wp\/v2\/media?parent=177"}],"curies":[{"name":"wp","href":"https:\/\/api.w.org\/{rel}","templated":true}]}}