{"id":169,"date":"2025-05-13T14:34:16","date_gmt":"2025-05-13T12:34:16","guid":{"rendered":"https:\/\/www.st-egidien.de\/kinderwelt\/?page_id=169"},"modified":"2025-07-18T13:09:18","modified_gmt":"2025-07-18T11:09:18","slug":"waldwichtel","status":"publish","type":"page","link":"https:\/\/www.st-egidien.de\/kinderwelt\/waldwichtel\/","title":{"rendered":"Waldwichtel (ESO A)"},"content":{"rendered":"<div class=\"wpb-content-wrapper\"><p>[vc_row][vc_column width=&#8221;2\/3&#8243;][vc_column_text]Mitten an der Bahnhofstra\u00dfe liegt unser moderner und vielseitiger Einrichtungsstandort A, f\u00fcr die &#8220;Waldwichtel\u201c. Dieser Standort besteht aus einem Haupthaus mit drei Etagen und einem neu errichteten Anbau. Es k\u00f6nnen insgesamt 95 Kinder betreut werden im Alter von 1-7 Jahren.<\/p>\n<p>Unser Geb\u00e4ude bietet auf drei Etagen vielf\u00e4ltige Bildungs- und Erfahrungsr\u00e4ume:<\/p>\n<p>\u2022 Erdgeschoss: Hier befinden sich zwei Krippen- und eine Kindergartengruppe.<br \/>\n\u2022 1. Obergeschoss: Auf dieser Etage sind drei Kindergartengruppen untergebracht. Sie ist zugleich unsere Vorschuletage. Hier wird gruppen\u00fcbergreifend unser Vorschulkonzept angewendet, an dem alle Vorsch\u00fcler der Einrichtungsstandorte A und B teilnehmen.<br \/>\n\u2022 2. Obergeschoss: Diese Etage bietet besondere R\u00e4ume, darunter ein Gruppenraum, das Personalzimmer, sowie als besonderes Highlight: ein hauseigener Sportraum. Hier finden an festgelegten Tagen sportliche Angebote f\u00fcr die Kinder aller Gruppen statt.<\/p>\n<p>Am Altbau wurde ein moderner Anbau errichtet, der Platz f\u00fcr weitere 20 Krippenkinder bietet. Ebenerdig, hell und mit neuester Ausstattung ist er speziell auf die Bed\u00fcrfnisse von Kleinkindern ausgerichtet. Direkt angeschlossen ist ein separater Krippengarten, der zum Entdecken und Spielen einl\u00e4dt.<\/p>\n<p>Beide G\u00e4rten sind weitl\u00e4ufig angelegt und bieten altersgerechte Spiel- und Bewegungsm\u00f6glichkeiten f\u00fcr die jeweilige Altersgruppe.[\/vc_column_text][\/vc_column][vc_column width=&#8221;1\/3&#8243;][vc_single_image image=&#8221;322&#8243; img_size=&#8221;medium&#8221; alignment=&#8221;center&#8221; onclick=&#8221;link_image&#8221;][vc_single_image image=&#8221;104&#8243; img_size=&#8221;medium&#8221; alignment=&#8221;center&#8221; onclick=&#8221;link_image&#8221;][vc_gmaps link=&#8221;#E-8_JTNDaWZyYW1lJTIwc3JjJTNEJTIyaHR0cHMlM0ElMkYlMkZ3d3cuZ29vZ2xlLmNvbSUyRm1hcHMlMkZlbWJlZCUzRnBiJTNEJTIxMW0xOCUyMTFtMTIlMjExbTMlMjExZDkxNy43MjI2Njc2NDcxMzU2JTIxMmQxMi42MjEyMzY3NzkxMTI0NzIlMjEzZDUwLjc4NjY5NTIwOTA3OTczJTIxMm0zJTIxMWYwJTIxMmYwJTIxM2YwJTIxM20yJTIxMWkxMDI0JTIxMmk3NjglMjE0ZjEzLjElMjEzbTMlMjExbTIlMjExczB4NDdhNzMxYjM2ODUxZmNmZiUyNTNBMHgyODE0YjdmMDc1NWRiNDdmJTIxMnNCYWhuaG9mc3RyYSUyNUMzJTI1OUZlJTI1MjAxMyUyNTJDJTI1MjAwOTM1NiUyNTIwU3QuJTI1MjBFZ2lkaWVuJTIxNWUxJTIxM20yJTIxMXNkZSUyMTJzZGUlMjE0djE3NDcxMzEwODE4MzMlMjE1bTIlMjExc2RlJTIxMnNkZSUyMiUyMHdpZHRoJTNEJTIyNjAwJTIyJTIwaGVpZ2h0JTNEJTIyNDUwJTIyJTIwc3R5bGUlM0QlMjJib3JkZXIlM0EwJTNCJTIyJTIwYWxsb3dmdWxsc2NyZWVuJTNEJTIyJTIyJTIwbG9hZGluZyUzRCUyMmxhenklMjIlMjByZWZlcnJlcnBvbGljeSUzRCUyMm5vLXJlZmVycmVyLXdoZW4tZG93bmdyYWRlJTIyJTNFJTNDJTJGaWZyYW1lJTNF&#8221; size=&#8221;200&#8243;][\/vc_column][\/vc_row][vc_row][vc_column][vc_empty_space][\/vc_column][\/vc_row][vc_row][vc_column width=&#8221;1\/4&#8243;][vc_single_image image=&#8221;260&#8243; img_size=&#8221;medium&#8221; alignment=&#8221;center&#8221; onclick=&#8221;link_image&#8221; css_animation=&#8221;bounceIn&#8221;][\/vc_column][vc_column width=&#8221;3\/4&#8243;][vc_empty_space height=&#8221;40px&#8221;][vc_column_text]<\/p>\n<h5>Kontakt Teamleitung<\/h5>\n<p>[\/vc_column_text][vc_column_text]<strong>Franziska Urban<\/strong><\/p>\n<table style=\"width: 100%;border-collapse: collapse;height: 54px\">\n<tbody>\n<tr style=\"height: 26px\">\n<td style=\"width: 4.77387%;text-align: center;height: 10px\"><a class=\"dt-pswp-item\" href=\"http:\/\/www.st-egidien.de\/kinderwelt\/wp-content\/uploads\/sites\/2\/2025\/07\/location.png\" data-dt-img-description=\"\" data-large_image_width=\"256\" data-large_image_height=\"256\"><img loading=\"lazy\" decoding=\"async\" class=\"alignnone wp-image-367\" src=\"http:\/\/www.st-egidien.de\/kinderwelt\/wp-content\/uploads\/sites\/2\/2025\/07\/location.png\" alt=\"\" width=\"50\" height=\"50\" srcset=\"https:\/\/www.st-egidien.de\/kinderwelt\/wp-content\/uploads\/sites\/2\/2025\/07\/location.png 256w, https:\/\/www.st-egidien.de\/kinderwelt\/wp-content\/uploads\/sites\/2\/2025\/07\/location-150x150.png 150w\" sizes=\"auto, (max-width: 50px) 100vw, 50px\" \/><\/a><\/td>\n<td style=\"width: 95.2262%;height: 10px\">Bahnhofstra\u00dfe 13, St.Egidien<\/td>\n<\/tr>\n<tr style=\"height: 22px\">\n<td style=\"width: 4.77387%;height: 22px;text-align: center\"><a class=\"dt-pswp-item\" href=\"http:\/\/www.st-egidien.de\/kinderwelt\/wp-content\/uploads\/sites\/2\/2025\/07\/phone.png\" data-dt-img-description=\"\" data-large_image_width=\"256\" data-large_image_height=\"256\"><img loading=\"lazy\" decoding=\"async\" class=\"alignnone wp-image-368\" src=\"http:\/\/www.st-egidien.de\/kinderwelt\/wp-content\/uploads\/sites\/2\/2025\/07\/phone.png\" alt=\"\" width=\"50\" height=\"50\" srcset=\"https:\/\/www.st-egidien.de\/kinderwelt\/wp-content\/uploads\/sites\/2\/2025\/07\/phone.png 256w, https:\/\/www.st-egidien.de\/kinderwelt\/wp-content\/uploads\/sites\/2\/2025\/07\/phone-150x150.png 150w\" sizes=\"auto, (max-width: 50px) 100vw, 50px\" \/><\/a><\/td>\n<td style=\"width: 95.2262%;height: 22px\">037204 2691<\/td>\n<\/tr>\n<tr style=\"height: 22px\">\n<td style=\"width: 4.77387%;height: 22px;text-align: center\"><a class=\"dt-pswp-item\" href=\"http:\/\/www.st-egidien.de\/kinderwelt\/wp-content\/uploads\/sites\/2\/2025\/07\/email.png\" data-dt-img-description=\"\" data-large_image_width=\"256\" data-large_image_height=\"256\"><img loading=\"lazy\" decoding=\"async\" class=\"alignnone wp-image-366\" src=\"http:\/\/www.st-egidien.de\/kinderwelt\/wp-content\/uploads\/sites\/2\/2025\/07\/email.png\" alt=\"\" width=\"50\" height=\"50\" srcset=\"https:\/\/www.st-egidien.de\/kinderwelt\/wp-content\/uploads\/sites\/2\/2025\/07\/email.png 256w, https:\/\/www.st-egidien.de\/kinderwelt\/wp-content\/uploads\/sites\/2\/2025\/07\/email-150x150.png 150w\" sizes=\"auto, (max-width: 50px) 100vw, 50px\" \/><\/a><\/td>\n<td style=\"width: 95.2262%;height: 22px\"><a href=\"mailto:kinderwelt-esoa@kinderwelt-st-egidien.de\">kinderwelt-esoa@kinderwelt-st-egidien.de<\/a><\/td>\n<\/tr>\n<\/tbody>\n<\/table>\n<p>[\/vc_column_text][\/vc_column][\/vc_row]<\/p>\n<\/div>","protected":false},"excerpt":{"rendered":"<p>[vc_row][vc_column width=&#8221;2\/3&#8243;][vc_column_text]Mitten an der Bahnhofstra\u00dfe liegt unser moderner und vielseitiger Einrichtungsstandort A, f\u00fcr die &#8220;Waldwichtel\u201c. Dieser Standort besteht aus einem Haupthaus mit drei Etagen und einem neu errichteten Anbau. Es k\u00f6nnen insgesamt 95 Kinder betreut werden im Alter von 1-7 Jahren. Unser Geb\u00e4ude bietet auf drei Etagen vielf\u00e4ltige Bildungs- und Erfahrungsr\u00e4ume: \u2022 Erdgeschoss: Hier befinden&hellip;<\/p>\n","protected":false},"author":9,"featured_media":0,"parent":0,"menu_order":2,"comment_status":"closed","ping_status":"closed","template":"","meta":{"_acf_changed":false,"footnotes":""},"class_list":["post-169","page","type-page","status-publish","hentry","description-off"],"acf":[],"yoast_head":"<!-- This site is optimized with the Yoast SEO plugin v27.4 - https:\/\/yoast.com\/product\/yoast-seo-wordpress\/ -->\r\n<title>Waldwichtel (ESO A) - &quot;Kinderwelt St.Egidien&quot;<\/title>\r\n<meta name=\"robots\" content=\"index, follow, max-snippet:-1, max-image-preview:large, max-video-preview:-1\" \/>\r\n<link rel=\"canonical\" href=\"https:\/\/www.st-egidien.de\/kinderwelt\/waldwichtel\/\" \/>\r\n<meta property=\"og:locale\" content=\"de_DE\" \/>\r\n<meta property=\"og:type\" content=\"article\" \/>\r\n<meta property=\"og:title\" content=\"Waldwichtel (ESO A) - &quot;Kinderwelt St.Egidien&quot;\" \/>\r\n<meta property=\"og:description\" content=\"[vc_row][vc_column width=&#8221;2\/3&#8243;][vc_column_text]Mitten an der Bahnhofstra\u00dfe liegt unser moderner und vielseitiger Einrichtungsstandort A, f\u00fcr die &#8220;Waldwichtel\u201c. Dieser Standort besteht aus einem Haupthaus mit drei Etagen und einem neu errichteten Anbau. Es k\u00f6nnen insgesamt 95 Kinder betreut werden im Alter von 1-7 Jahren. Unser Geb\u00e4ude bietet auf drei Etagen vielf\u00e4ltige Bildungs- und Erfahrungsr\u00e4ume: \u2022 Erdgeschoss: Hier befinden&hellip;\" \/>\r\n<meta property=\"og:url\" content=\"https:\/\/www.st-egidien.de\/kinderwelt\/waldwichtel\/\" \/>\r\n<meta property=\"og:site_name\" content=\"&quot;Kinderwelt St.Egidien&quot;\" \/>\r\n<meta property=\"article:modified_time\" content=\"2025-07-18T11:09:18+00:00\" \/>\r\n<meta property=\"og:image\" content=\"http:\/\/www.st-egidien.de\/kinderwelt\/wp-content\/uploads\/sites\/2\/2025\/07\/location.png\" \/>\r\n<meta name=\"twitter:card\" content=\"summary_large_image\" \/>\r\n<meta name=\"twitter:label1\" content=\"Gesch\u00e4tzte Lesezeit\" \/>\n\t<meta name=\"twitter:data1\" content=\"3\u00a0Minuten\" \/>\r\n<script type=\"application\/ld+json\" class=\"yoast-schema-graph\">{\"@context\":\"https:\\\/\\\/schema.org\",\"@graph\":[{\"@type\":\"WebPage\",\"@id\":\"https:\\\/\\\/www.st-egidien.de\\\/kinderwelt\\\/waldwichtel\\\/\",\"url\":\"https:\\\/\\\/www.st-egidien.de\\\/kinderwelt\\\/waldwichtel\\\/\",\"name\":\"Waldwichtel (ESO A) - &quot;Kinderwelt St.Egidien&quot;\",\"isPartOf\":{\"@id\":\"https:\\\/\\\/www.st-egidien.de\\\/kinderwelt\\\/#website\"},\"primaryImageOfPage\":{\"@id\":\"https:\\\/\\\/www.st-egidien.de\\\/kinderwelt\\\/waldwichtel\\\/#primaryimage\"},\"image\":{\"@id\":\"https:\\\/\\\/www.st-egidien.de\\\/kinderwelt\\\/waldwichtel\\\/#primaryimage\"},\"thumbnailUrl\":\"http:\\\/\\\/www.st-egidien.de\\\/kinderwelt\\\/wp-content\\\/uploads\\\/sites\\\/2\\\/2025\\\/07\\\/location.png\",\"datePublished\":\"2025-05-13T12:34:16+00:00\",\"dateModified\":\"2025-07-18T11:09:18+00:00\",\"breadcrumb\":{\"@id\":\"https:\\\/\\\/www.st-egidien.de\\\/kinderwelt\\\/waldwichtel\\\/#breadcrumb\"},\"inLanguage\":\"de\",\"potentialAction\":[{\"@type\":\"ReadAction\",\"target\":[\"https:\\\/\\\/www.st-egidien.de\\\/kinderwelt\\\/waldwichtel\\\/\"]}]},{\"@type\":\"ImageObject\",\"inLanguage\":\"de\",\"@id\":\"https:\\\/\\\/www.st-egidien.de\\\/kinderwelt\\\/waldwichtel\\\/#primaryimage\",\"url\":\"http:\\\/\\\/www.st-egidien.de\\\/kinderwelt\\\/wp-content\\\/uploads\\\/sites\\\/2\\\/2025\\\/07\\\/location.png\",\"contentUrl\":\"http:\\\/\\\/www.st-egidien.de\\\/kinderwelt\\\/wp-content\\\/uploads\\\/sites\\\/2\\\/2025\\\/07\\\/location.png\"},{\"@type\":\"BreadcrumbList\",\"@id\":\"https:\\\/\\\/www.st-egidien.de\\\/kinderwelt\\\/waldwichtel\\\/#breadcrumb\",\"itemListElement\":[{\"@type\":\"ListItem\",\"position\":1,\"name\":\"Startseite\",\"item\":\"https:\\\/\\\/www.st-egidien.de\\\/kinderwelt\\\/\"},{\"@type\":\"ListItem\",\"position\":2,\"name\":\"Waldwichtel (ESO A)\"}]},{\"@type\":\"WebSite\",\"@id\":\"https:\\\/\\\/www.st-egidien.de\\\/kinderwelt\\\/#website\",\"url\":\"https:\\\/\\\/www.st-egidien.de\\\/kinderwelt\\\/\",\"name\":\"&quot;Kinderwelt St.Egidien&quot;\",\"description\":\"Kindertageseinrichtung \",\"potentialAction\":[{\"@type\":\"SearchAction\",\"target\":{\"@type\":\"EntryPoint\",\"urlTemplate\":\"https:\\\/\\\/www.st-egidien.de\\\/kinderwelt\\\/?s={search_term_string}\"},\"query-input\":{\"@type\":\"PropertyValueSpecification\",\"valueRequired\":true,\"valueName\":\"search_term_string\"}}],\"inLanguage\":\"de\"}]}<\/script>\r\n<!-- \/ Yoast SEO plugin. -->","yoast_head_json":{"title":"Waldwichtel (ESO A) - &quot;Kinderwelt St.Egidien&quot;","robots":{"index":"index","follow":"follow","max-snippet":"max-snippet:-1","max-image-preview":"max-image-preview:large","max-video-preview":"max-video-preview:-1"},"canonical":"https:\/\/www.st-egidien.de\/kinderwelt\/waldwichtel\/","og_locale":"de_DE","og_type":"article","og_title":"Waldwichtel (ESO A) - &quot;Kinderwelt St.Egidien&quot;","og_description":"[vc_row][vc_column width=&#8221;2\/3&#8243;][vc_column_text]Mitten an der Bahnhofstra\u00dfe liegt unser moderner und vielseitiger Einrichtungsstandort A, f\u00fcr die &#8220;Waldwichtel\u201c. Dieser Standort besteht aus einem Haupthaus mit drei Etagen und einem neu errichteten Anbau. Es k\u00f6nnen insgesamt 95 Kinder betreut werden im Alter von 1-7 Jahren. Unser Geb\u00e4ude bietet auf drei Etagen vielf\u00e4ltige Bildungs- und Erfahrungsr\u00e4ume: \u2022 Erdgeschoss: Hier befinden&hellip;","og_url":"https:\/\/www.st-egidien.de\/kinderwelt\/waldwichtel\/","og_site_name":"&quot;Kinderwelt St.Egidien&quot;","article_modified_time":"2025-07-18T11:09:18+00:00","og_image":[{"url":"http:\/\/www.st-egidien.de\/kinderwelt\/wp-content\/uploads\/sites\/2\/2025\/07\/location.png","type":"","width":"","height":""}],"twitter_card":"summary_large_image","twitter_misc":{"Gesch\u00e4tzte Lesezeit":"3\u00a0Minuten"},"schema":{"@context":"https:\/\/schema.org","@graph":[{"@type":"WebPage","@id":"https:\/\/www.st-egidien.de\/kinderwelt\/waldwichtel\/","url":"https:\/\/www.st-egidien.de\/kinderwelt\/waldwichtel\/","name":"Waldwichtel (ESO A) - &quot;Kinderwelt St.Egidien&quot;","isPartOf":{"@id":"https:\/\/www.st-egidien.de\/kinderwelt\/#website"},"primaryImageOfPage":{"@id":"https:\/\/www.st-egidien.de\/kinderwelt\/waldwichtel\/#primaryimage"},"image":{"@id":"https:\/\/www.st-egidien.de\/kinderwelt\/waldwichtel\/#primaryimage"},"thumbnailUrl":"http:\/\/www.st-egidien.de\/kinderwelt\/wp-content\/uploads\/sites\/2\/2025\/07\/location.png","datePublished":"2025-05-13T12:34:16+00:00","dateModified":"2025-07-18T11:09:18+00:00","breadcrumb":{"@id":"https:\/\/www.st-egidien.de\/kinderwelt\/waldwichtel\/#breadcrumb"},"inLanguage":"de","potentialAction":[{"@type":"ReadAction","target":["https:\/\/www.st-egidien.de\/kinderwelt\/waldwichtel\/"]}]},{"@type":"ImageObject","inLanguage":"de","@id":"https:\/\/www.st-egidien.de\/kinderwelt\/waldwichtel\/#primaryimage","url":"http:\/\/www.st-egidien.de\/kinderwelt\/wp-content\/uploads\/sites\/2\/2025\/07\/location.png","contentUrl":"http:\/\/www.st-egidien.de\/kinderwelt\/wp-content\/uploads\/sites\/2\/2025\/07\/location.png"},{"@type":"BreadcrumbList","@id":"https:\/\/www.st-egidien.de\/kinderwelt\/waldwichtel\/#breadcrumb","itemListElement":[{"@type":"ListItem","position":1,"name":"Startseite","item":"https:\/\/www.st-egidien.de\/kinderwelt\/"},{"@type":"ListItem","position":2,"name":"Waldwichtel (ESO A)"}]},{"@type":"WebSite","@id":"https:\/\/www.st-egidien.de\/kinderwelt\/#website","url":"https:\/\/www.st-egidien.de\/kinderwelt\/","name":"&quot;Kinderwelt St.Egidien&quot;","description":"Kindertageseinrichtung ","potentialAction":[{"@type":"SearchAction","target":{"@type":"EntryPoint","urlTemplate":"https:\/\/www.st-egidien.de\/kinderwelt\/?s={search_term_string}"},"query-input":{"@type":"PropertyValueSpecification","valueRequired":true,"valueName":"search_term_string"}}],"inLanguage":"de"}]}},"_links":{"self":[{"href":"https:\/\/www.st-egidien.de\/kinderwelt\/wp-json\/wp\/v2\/pages\/169","targetHints":{"allow":["GET"]}}],"collection":[{"href":"https:\/\/www.st-egidien.de\/kinderwelt\/wp-json\/wp\/v2\/pages"}],"about":[{"href":"https:\/\/www.st-egidien.de\/kinderwelt\/wp-json\/wp\/v2\/types\/page"}],"author":[{"embeddable":true,"href":"https:\/\/www.st-egidien.de\/kinderwelt\/wp-json\/wp\/v2\/users\/9"}],"replies":[{"embeddable":true,"href":"https:\/\/www.st-egidien.de\/kinderwelt\/wp-json\/wp\/v2\/comments?post=169"}],"version-history":[{"count":14,"href":"https:\/\/www.st-egidien.de\/kinderwelt\/wp-json\/wp\/v2\/pages\/169\/revisions"}],"predecessor-version":[{"id":474,"href":"https:\/\/www.st-egidien.de\/kinderwelt\/wp-json\/wp\/v2\/pages\/169\/revisions\/474"}],"wp:attachment":[{"href":"https:\/\/www.st-egidien.de\/kinderwelt\/wp-json\/wp\/v2\/media?parent=169"}],"curies":[{"name":"wp","href":"https:\/\/api.w.org\/{rel}","templated":true}]}}