{"id":146,"date":"2025-05-08T18:43:28","date_gmt":"2025-05-08T16:43:28","guid":{"rendered":"https:\/\/www.st-egidien.de\/kinderwelt\/?page_id=146"},"modified":"2025-11-10T20:24:55","modified_gmt":"2025-11-10T19:24:55","slug":"dschungelkids","status":"publish","type":"page","link":"https:\/\/www.st-egidien.de\/kinderwelt\/dschungelkids\/","title":{"rendered":"Dschungelkids (ESO C)"},"content":{"rendered":"<div class=\"wpb-content-wrapper\"><p>[vc_row][vc_column width=&#8221;2\/3&#8243;][vc_column_text]Im Hort \u201eDschungelkids\u201c (Einrichtungsstandort C) betreuen wir derzeit bis zu 120 Kinder im Grundschulalter.<\/p>\n<p>Unser Hort befindet sich in einem freundlichen Flachbau direkt an der Achatschule. Dort stehen den Kindern vier gro\u00dfe Zimmer zur Verf\u00fcgung, darunter ein Zimmer zur Erledigung der Hausaufgaben und eine Garderobe.<\/p>\n<p>Durch einen modernen Anbau konnten wir zus\u00e4tzlich vier weitere R\u00e4ume schaffen. Dieser Bereich ist kindgerecht und funktional gestaltet.<\/p>\n<p>Unser Hort profitiert von der hervorragenden Kooperation mit der benachbarten privaten Mittelschule \u2013 der Achatschule.<\/p>\n<p>In den Ferienzeiten d\u00fcrfen wir nicht nur die Sch\u00fclerk\u00fcche und den Werkraum mit nutzen, sondern auch das Au\u00dfengel\u00e4nde der Schule, das direkt an unseren Hortgarten angrenzt.<\/p>\n<p>Auch die Turnhalle der Achatschule steht uns regelm\u00e4\u00dfig zur Verf\u00fcgung \u2013 sowohl f\u00fcr unsere Hortkinder als auch f\u00fcr die Kindergartenkinder.<\/p>\n<p>Diese enge Verbindung schafft zus\u00e4tzliche Bewegungs- und Erlebnisr\u00e4ume und st\u00e4rkt das soziale Miteinander \u00fcber Altersgrenzen hinweg.[\/vc_column_text][\/vc_column][vc_column width=&#8221;1\/3&#8243;][vc_single_image image=&#8221;323&#8243; img_size=&#8221;medium&#8221; alignment=&#8221;center&#8221; onclick=&#8221;link_image&#8221;][vc_single_image image=&#8221;482&#8243; img_size=&#8221;medium&#8221; alignment=&#8221;center&#8221; onclick=&#8221;link_image&#8221;][vc_gmaps link=&#8221;#E-8_JTNDaWZyYW1lJTIwc3JjJTNEJTIyaHR0cHMlM0ElMkYlMkZ3d3cuZ29vZ2xlLmNvbSUyRm1hcHMlMkZlbWJlZCUzRnBiJTNEJTIxMW0xOCUyMTFtMTIlMjExbTMlMjExZDkyNC45NzE2OTUzNDA1ODI4JTIxMmQxMi42MTkzODM4NDQ1MDg4NzYlMjEzZDUwLjc4NjgzODQzMDgyNDU3NCUyMTJtMyUyMTFmMCUyMTJmMCUyMTNmMCUyMTNtMiUyMTFpMTAyNCUyMTJpNzY4JTIxNGYxMy4xJTIxM20zJTIxMW0yJTIxMXMweDQ3YTczMWI0OTZlZTQ5MzklMjUzQTB4Y2QxMjBkNDFhYWFjYWNmMSUyMTJzS2l0YSUyNTIwJTI1MjJLaW5kZXJ3ZWx0JTI1MjBTdC4lMjUyMEVnaWRpZW4lMjUyMiUyMTVlMSUyMTNtMiUyMTFzZGUlMjEyc2RlJTIxNHYxNzQ3MTMyNTA5OTcyJTIxNW0yJTIxMXNkZSUyMTJzZGUlMjIlMjB3aWR0aCUzRCUyMjYwMCUyMiUyMGhlaWdodCUzRCUyMjQ1MCUyMiUyMHN0eWxlJTNEJTIyYm9yZGVyJTNBMCUzQiUyMiUyMGFsbG93ZnVsbHNjcmVlbiUzRCUyMiUyMiUyMGxvYWRpbmclM0QlMjJsYXp5JTIyJTIwcmVmZXJyZXJwb2xpY3klM0QlMjJuby1yZWZlcnJlci13aGVuLWRvd25ncmFkZSUyMiUzRSUzQyUyRmlmcmFtZSUzRQ==&#8221; size=&#8221;200&#8243;][\/vc_column][\/vc_row][vc_row][vc_column][vc_empty_space][\/vc_column][\/vc_row][vc_row][vc_column width=&#8221;1\/4&#8243;][vc_single_image image=&#8221;261&#8243; img_size=&#8221;medium&#8221; alignment=&#8221;center&#8221; onclick=&#8221;link_image&#8221; css_animation=&#8221;none&#8221;][\/vc_column][vc_column width=&#8221;3\/4&#8243;][vc_empty_space height=&#8221;40px&#8221;][vc_column_text]<\/p>\n<h5>Kontakt Teamleitung<\/h5>\n<p>[\/vc_column_text][vc_column_text]<strong>Janine Schwemmer<\/strong><\/p>\n<table style=\"width: 100%; border-collapse: collapse; height: 54px;\">\n<tbody>\n<tr style=\"height: 26px;\">\n<td style=\"width: 4.77387%; text-align: center; height: 10px;\"><img loading=\"lazy\" decoding=\"async\" class=\"\" src=\"http:\/\/www.st-egidien.de\/kinderwelt\/wp-content\/uploads\/sites\/2\/2025\/07\/location.png\" width=\"25\" height=\"25\" \/><\/td>\n<td style=\"width: 95.2262%; height: 10px;\">Schulstra\u00dfe 22, St.Egidien<\/td>\n<\/tr>\n<tr style=\"height: 22px;\">\n<td style=\"width: 4.77387%; height: 22px; text-align: center;\"><img loading=\"lazy\" decoding=\"async\" class=\"\" src=\"http:\/\/www.st-egidien.de\/kinderwelt\/wp-content\/uploads\/sites\/2\/2025\/07\/phone.png\" width=\"25\" height=\"25\" \/><\/td>\n<td style=\"width: 95.2262%; height: 22px;\">037204 509423<\/td>\n<\/tr>\n<tr style=\"height: 22px;\">\n<td style=\"width: 4.77387%; height: 22px; text-align: center;\"><img loading=\"lazy\" decoding=\"async\" class=\"\" src=\"http:\/\/www.st-egidien.de\/kinderwelt\/wp-content\/uploads\/sites\/2\/2025\/07\/email.png\" width=\"25\" height=\"25\" \/><\/td>\n<td style=\"width: 95.2262%; height: 22px;\"><a href=\"mailto:kinderwelt-esoc@kinderwelt-st-egidien.de\">kinderwelt-esoc@st-egidien.de<\/a><\/td>\n<\/tr>\n<\/tbody>\n<\/table>\n<p>[\/vc_column_text][\/vc_column][\/vc_row][vc_row][vc_column][vc_btn title=&#8221;Zur Bildgalerie&#8221; color=&#8221;peacoc&#8221; link=&#8221;url:https%3A%2F%2Fwww.st-egidien.de%2Fkinderwelt%2Fneues-bei-den-dschungelkids%2F&#8221;][\/vc_column][\/vc_row]<\/p>\n<\/div>","protected":false},"excerpt":{"rendered":"<p>[vc_row][vc_column width=&#8221;2\/3&#8243;][vc_column_text]Im Hort \u201eDschungelkids\u201c (Einrichtungsstandort C) betreuen wir derzeit bis zu 120 Kinder im Grundschulalter. Unser Hort befindet sich in einem freundlichen Flachbau direkt an der Achatschule. Dort stehen den Kindern vier gro\u00dfe Zimmer zur Verf\u00fcgung, darunter ein Zimmer zur Erledigung der Hausaufgaben und eine Garderobe. Durch einen modernen Anbau konnten wir zus\u00e4tzlich vier weitere&hellip;<\/p>\n","protected":false},"author":9,"featured_media":0,"parent":0,"menu_order":2,"comment_status":"closed","ping_status":"closed","template":"","meta":{"_acf_changed":false,"footnotes":""},"class_list":["post-146","page","type-page","status-publish","hentry","description-off"],"acf":[],"yoast_head":"<!-- This site is optimized with the Yoast SEO plugin v27.4 - https:\/\/yoast.com\/product\/yoast-seo-wordpress\/ -->\r\n<title>Dschungelkids (ESO C) - &quot;Kinderwelt St.Egidien&quot;<\/title>\r\n<meta name=\"robots\" content=\"index, follow, max-snippet:-1, max-image-preview:large, max-video-preview:-1\" \/>\r\n<link rel=\"canonical\" href=\"https:\/\/www.st-egidien.de\/kinderwelt\/dschungelkids\/\" \/>\r\n<meta property=\"og:locale\" content=\"de_DE\" \/>\r\n<meta property=\"og:type\" content=\"article\" \/>\r\n<meta property=\"og:title\" content=\"Dschungelkids (ESO C) - &quot;Kinderwelt St.Egidien&quot;\" \/>\r\n<meta property=\"og:description\" content=\"[vc_row][vc_column width=&#8221;2\/3&#8243;][vc_column_text]Im Hort \u201eDschungelkids\u201c (Einrichtungsstandort C) betreuen wir derzeit bis zu 120 Kinder im Grundschulalter. Unser Hort befindet sich in einem freundlichen Flachbau direkt an der Achatschule. Dort stehen den Kindern vier gro\u00dfe Zimmer zur Verf\u00fcgung, darunter ein Zimmer zur Erledigung der Hausaufgaben und eine Garderobe. Durch einen modernen Anbau konnten wir zus\u00e4tzlich vier weitere&hellip;\" \/>\r\n<meta property=\"og:url\" content=\"https:\/\/www.st-egidien.de\/kinderwelt\/dschungelkids\/\" \/>\r\n<meta property=\"og:site_name\" content=\"&quot;Kinderwelt St.Egidien&quot;\" \/>\r\n<meta property=\"article:modified_time\" content=\"2025-11-10T19:24:55+00:00\" \/>\r\n<meta property=\"og:image\" content=\"http:\/\/www.st-egidien.de\/kinderwelt\/wp-content\/uploads\/sites\/2\/2025\/07\/location.png\" \/>\r\n<meta name=\"twitter:card\" content=\"summary_large_image\" \/>\r\n<meta name=\"twitter:label1\" content=\"Gesch\u00e4tzte Lesezeit\" \/>\n\t<meta name=\"twitter:data1\" content=\"2\u00a0Minuten\" \/>\r\n<script type=\"application\/ld+json\" class=\"yoast-schema-graph\">{\"@context\":\"https:\\\/\\\/schema.org\",\"@graph\":[{\"@type\":\"WebPage\",\"@id\":\"https:\\\/\\\/www.st-egidien.de\\\/kinderwelt\\\/dschungelkids\\\/\",\"url\":\"https:\\\/\\\/www.st-egidien.de\\\/kinderwelt\\\/dschungelkids\\\/\",\"name\":\"Dschungelkids (ESO C) - &quot;Kinderwelt St.Egidien&quot;\",\"isPartOf\":{\"@id\":\"https:\\\/\\\/www.st-egidien.de\\\/kinderwelt\\\/#website\"},\"primaryImageOfPage\":{\"@id\":\"https:\\\/\\\/www.st-egidien.de\\\/kinderwelt\\\/dschungelkids\\\/#primaryimage\"},\"image\":{\"@id\":\"https:\\\/\\\/www.st-egidien.de\\\/kinderwelt\\\/dschungelkids\\\/#primaryimage\"},\"thumbnailUrl\":\"http:\\\/\\\/www.st-egidien.de\\\/kinderwelt\\\/wp-content\\\/uploads\\\/sites\\\/2\\\/2025\\\/07\\\/location.png\",\"datePublished\":\"2025-05-08T16:43:28+00:00\",\"dateModified\":\"2025-11-10T19:24:55+00:00\",\"breadcrumb\":{\"@id\":\"https:\\\/\\\/www.st-egidien.de\\\/kinderwelt\\\/dschungelkids\\\/#breadcrumb\"},\"inLanguage\":\"de\",\"potentialAction\":[{\"@type\":\"ReadAction\",\"target\":[\"https:\\\/\\\/www.st-egidien.de\\\/kinderwelt\\\/dschungelkids\\\/\"]}]},{\"@type\":\"ImageObject\",\"inLanguage\":\"de\",\"@id\":\"https:\\\/\\\/www.st-egidien.de\\\/kinderwelt\\\/dschungelkids\\\/#primaryimage\",\"url\":\"http:\\\/\\\/www.st-egidien.de\\\/kinderwelt\\\/wp-content\\\/uploads\\\/sites\\\/2\\\/2025\\\/07\\\/location.png\",\"contentUrl\":\"http:\\\/\\\/www.st-egidien.de\\\/kinderwelt\\\/wp-content\\\/uploads\\\/sites\\\/2\\\/2025\\\/07\\\/location.png\"},{\"@type\":\"BreadcrumbList\",\"@id\":\"https:\\\/\\\/www.st-egidien.de\\\/kinderwelt\\\/dschungelkids\\\/#breadcrumb\",\"itemListElement\":[{\"@type\":\"ListItem\",\"position\":1,\"name\":\"Startseite\",\"item\":\"https:\\\/\\\/www.st-egidien.de\\\/kinderwelt\\\/\"},{\"@type\":\"ListItem\",\"position\":2,\"name\":\"Dschungelkids (ESO C)\"}]},{\"@type\":\"WebSite\",\"@id\":\"https:\\\/\\\/www.st-egidien.de\\\/kinderwelt\\\/#website\",\"url\":\"https:\\\/\\\/www.st-egidien.de\\\/kinderwelt\\\/\",\"name\":\"&quot;Kinderwelt St.Egidien&quot;\",\"description\":\"Kindertageseinrichtung \",\"potentialAction\":[{\"@type\":\"SearchAction\",\"target\":{\"@type\":\"EntryPoint\",\"urlTemplate\":\"https:\\\/\\\/www.st-egidien.de\\\/kinderwelt\\\/?s={search_term_string}\"},\"query-input\":{\"@type\":\"PropertyValueSpecification\",\"valueRequired\":true,\"valueName\":\"search_term_string\"}}],\"inLanguage\":\"de\"}]}<\/script>\r\n<!-- \/ Yoast SEO plugin. -->","yoast_head_json":{"title":"Dschungelkids (ESO C) - &quot;Kinderwelt St.Egidien&quot;","robots":{"index":"index","follow":"follow","max-snippet":"max-snippet:-1","max-image-preview":"max-image-preview:large","max-video-preview":"max-video-preview:-1"},"canonical":"https:\/\/www.st-egidien.de\/kinderwelt\/dschungelkids\/","og_locale":"de_DE","og_type":"article","og_title":"Dschungelkids (ESO C) - &quot;Kinderwelt St.Egidien&quot;","og_description":"[vc_row][vc_column width=&#8221;2\/3&#8243;][vc_column_text]Im Hort \u201eDschungelkids\u201c (Einrichtungsstandort C) betreuen wir derzeit bis zu 120 Kinder im Grundschulalter. Unser Hort befindet sich in einem freundlichen Flachbau direkt an der Achatschule. Dort stehen den Kindern vier gro\u00dfe Zimmer zur Verf\u00fcgung, darunter ein Zimmer zur Erledigung der Hausaufgaben und eine Garderobe. Durch einen modernen Anbau konnten wir zus\u00e4tzlich vier weitere&hellip;","og_url":"https:\/\/www.st-egidien.de\/kinderwelt\/dschungelkids\/","og_site_name":"&quot;Kinderwelt St.Egidien&quot;","article_modified_time":"2025-11-10T19:24:55+00:00","og_image":[{"url":"http:\/\/www.st-egidien.de\/kinderwelt\/wp-content\/uploads\/sites\/2\/2025\/07\/location.png","type":"","width":"","height":""}],"twitter_card":"summary_large_image","twitter_misc":{"Gesch\u00e4tzte Lesezeit":"2\u00a0Minuten"},"schema":{"@context":"https:\/\/schema.org","@graph":[{"@type":"WebPage","@id":"https:\/\/www.st-egidien.de\/kinderwelt\/dschungelkids\/","url":"https:\/\/www.st-egidien.de\/kinderwelt\/dschungelkids\/","name":"Dschungelkids (ESO C) - &quot;Kinderwelt St.Egidien&quot;","isPartOf":{"@id":"https:\/\/www.st-egidien.de\/kinderwelt\/#website"},"primaryImageOfPage":{"@id":"https:\/\/www.st-egidien.de\/kinderwelt\/dschungelkids\/#primaryimage"},"image":{"@id":"https:\/\/www.st-egidien.de\/kinderwelt\/dschungelkids\/#primaryimage"},"thumbnailUrl":"http:\/\/www.st-egidien.de\/kinderwelt\/wp-content\/uploads\/sites\/2\/2025\/07\/location.png","datePublished":"2025-05-08T16:43:28+00:00","dateModified":"2025-11-10T19:24:55+00:00","breadcrumb":{"@id":"https:\/\/www.st-egidien.de\/kinderwelt\/dschungelkids\/#breadcrumb"},"inLanguage":"de","potentialAction":[{"@type":"ReadAction","target":["https:\/\/www.st-egidien.de\/kinderwelt\/dschungelkids\/"]}]},{"@type":"ImageObject","inLanguage":"de","@id":"https:\/\/www.st-egidien.de\/kinderwelt\/dschungelkids\/#primaryimage","url":"http:\/\/www.st-egidien.de\/kinderwelt\/wp-content\/uploads\/sites\/2\/2025\/07\/location.png","contentUrl":"http:\/\/www.st-egidien.de\/kinderwelt\/wp-content\/uploads\/sites\/2\/2025\/07\/location.png"},{"@type":"BreadcrumbList","@id":"https:\/\/www.st-egidien.de\/kinderwelt\/dschungelkids\/#breadcrumb","itemListElement":[{"@type":"ListItem","position":1,"name":"Startseite","item":"https:\/\/www.st-egidien.de\/kinderwelt\/"},{"@type":"ListItem","position":2,"name":"Dschungelkids (ESO C)"}]},{"@type":"WebSite","@id":"https:\/\/www.st-egidien.de\/kinderwelt\/#website","url":"https:\/\/www.st-egidien.de\/kinderwelt\/","name":"&quot;Kinderwelt St.Egidien&quot;","description":"Kindertageseinrichtung ","potentialAction":[{"@type":"SearchAction","target":{"@type":"EntryPoint","urlTemplate":"https:\/\/www.st-egidien.de\/kinderwelt\/?s={search_term_string}"},"query-input":{"@type":"PropertyValueSpecification","valueRequired":true,"valueName":"search_term_string"}}],"inLanguage":"de"}]}},"_links":{"self":[{"href":"https:\/\/www.st-egidien.de\/kinderwelt\/wp-json\/wp\/v2\/pages\/146","targetHints":{"allow":["GET"]}}],"collection":[{"href":"https:\/\/www.st-egidien.de\/kinderwelt\/wp-json\/wp\/v2\/pages"}],"about":[{"href":"https:\/\/www.st-egidien.de\/kinderwelt\/wp-json\/wp\/v2\/types\/page"}],"author":[{"embeddable":true,"href":"https:\/\/www.st-egidien.de\/kinderwelt\/wp-json\/wp\/v2\/users\/9"}],"replies":[{"embeddable":true,"href":"https:\/\/www.st-egidien.de\/kinderwelt\/wp-json\/wp\/v2\/comments?post=146"}],"version-history":[{"count":27,"href":"https:\/\/www.st-egidien.de\/kinderwelt\/wp-json\/wp\/v2\/pages\/146\/revisions"}],"predecessor-version":[{"id":588,"href":"https:\/\/www.st-egidien.de\/kinderwelt\/wp-json\/wp\/v2\/pages\/146\/revisions\/588"}],"wp:attachment":[{"href":"https:\/\/www.st-egidien.de\/kinderwelt\/wp-json\/wp\/v2\/media?parent=146"}],"curies":[{"name":"wp","href":"https:\/\/api.w.org\/{rel}","templated":true}]}}